{"id":13823,"date":"2023-09-29T18:41:25","date_gmt":"2023-09-29T18:41:25","guid":{"rendered":""},"modified":"2025-08-28T14:17:49","modified_gmt":"2025-08-28T12:17:49","slug":"tenderaizer","status":"publish","type":"product","link":"https:\/\/tdbeer.ee\/et\/p\/tenderaizer\/","title":{"rendered":"Tenderaizer (Liha pehmendaja)"},"content":{"rendered":"<p><span style=\"font-size: 14px;\">24 teraga lihapehmendaja.<\/span><\/p>\n<p><span style=\"font-size: 14px;\">T\u00f5hus ja kaasaegne tehnoloogia liha valmistamiseks ning maitse ja kvaliteedi parandamiseks ilma kemikaalideta. Seade v\u00f5imaldab teil lihakiududesse s\u00fcgavaid l\u00f5ikeid teha ja samal ajal kloppida.<\/span><\/p>","protected":false},"excerpt":{"rendered":"<h3><span style=\"font-size: 16px;\">Tenderaizer (Liha pehmendaja)<\/span><\/h3>\n","protected":false},"featured_media":13824,"template":"","meta":[],"product_cat":[603],"product_tag":[],"_links":{"self":[{"href":"https:\/\/tdbeer.ee\/et\/wp-json\/wp\/v2\/product\/13823"}],"collection":[{"href":"https:\/\/tdbeer.ee\/et\/wp-json\/wp\/v2\/product"}],"about":[{"href":"https:\/\/tdbeer.ee\/et\/wp-json\/wp\/v2\/types\/product"}],"wp:featuredmedia":[{"embeddable":true,"href":"https:\/\/tdbeer.ee\/et\/wp-json\/wp\/v2\/media\/13824"}],"wp:attachment":[{"href":"https:\/\/tdbeer.ee\/et\/wp-json\/wp\/v2\/media?parent=13823"}],"wp:term":[{"taxonomy":"product_cat","embeddable":true,"href":"https:\/\/tdbeer.ee\/et\/wp-json\/wp\/v2\/product_cat?post=13823"},{"taxonomy":"product_tag","embeddable":true,"href":"https:\/\/tdbeer.ee\/et\/wp-json\/wp\/v2\/product_tag?post=13823"}],"curies":[{"name":"wp","href":"https:\/\/api.w.org\/{rel}","templated":true}]}}