{"id":13833,"date":"2023-09-29T18:41:25","date_gmt":"2023-09-29T18:41:25","guid":{"rendered":""},"modified":"2025-08-25T11:34:36","modified_gmt":"2025-08-25T09:34:36","slug":"distipur-erbsloh-7gr","status":"publish","type":"product","link":"https:\/\/tdbeer.ee\/et\/p\/distipur-erbsloh-7gr\/","title":{"rendered":"L\u00f5hna neutraliseerija Distipur Erbsloh"},"content":{"rendered":"<p><span style=\"font-size: 14px;\">Eemaldab kangetest jookidest destilleeritud alkoholi l\u00f5hna.<\/span><\/p>\n<p><span style=\"font-size: 14px;\">Sega destillaati, lisa Alcopur. Lase protsessi l\u00f5puleviimiseks 1-3 p\u00e4eva seista ja seej\u00e4rel filtreeri.<\/span><\/p>","protected":false},"excerpt":{"rendered":"<h3><span style=\"font-size: 16px;\"><strong>Distipur Erbsloh 7 gr.<br \/>\n<\/strong><\/span><\/h3>\n","protected":false},"featured_media":13834,"template":"","meta":[],"product_cat":[405,477],"product_tag":[],"_links":{"self":[{"href":"https:\/\/tdbeer.ee\/et\/wp-json\/wp\/v2\/product\/13833"}],"collection":[{"href":"https:\/\/tdbeer.ee\/et\/wp-json\/wp\/v2\/product"}],"about":[{"href":"https:\/\/tdbeer.ee\/et\/wp-json\/wp\/v2\/types\/product"}],"wp:featuredmedia":[{"embeddable":true,"href":"https:\/\/tdbeer.ee\/et\/wp-json\/wp\/v2\/media\/13834"}],"wp:attachment":[{"href":"https:\/\/tdbeer.ee\/et\/wp-json\/wp\/v2\/media?parent=13833"}],"wp:term":[{"taxonomy":"product_cat","embeddable":true,"href":"https:\/\/tdbeer.ee\/et\/wp-json\/wp\/v2\/product_cat?post=13833"},{"taxonomy":"product_tag","embeddable":true,"href":"https:\/\/tdbeer.ee\/et\/wp-json\/wp\/v2\/product_tag?post=13833"}],"curies":[{"name":"wp","href":"https:\/\/api.w.org\/{rel}","templated":true}]}}