{"id":13852,"date":"2023-09-29T18:41:26","date_gmt":"2023-09-29T18:41:26","guid":{"rendered":""},"modified":"2025-09-03T14:22:05","modified_gmt":"2025-09-03T12:22:05","slug":"toidusilikoon-50-kuni-250-8mm-1-5-mm","status":"publish","type":"product","link":"https:\/\/tdbeer.ee\/et\/p\/toidusilikoon-50-kuni-250-8mm-1-5-mm\/","title":{"rendered":"Silikoonvoolik (8&#215;1 mm)"},"content":{"rendered":"<p><span style=\"font-size: 14px;\">L\u00e4bim\u00f5\u00f5t: 8 x 1,0 mm<\/span><\/p>\n<p><span style=\"font-size: 14px;\">R\u00f5hk\/baar: 0,05<\/span><\/p>\n<p><span style=\"font-size: 14px;\">Materjal: toidukvaliteediga silikoon<\/span><\/p>\n<p><span style=\"font-size: 14px;\">T\u00f6\u00f6temperatuur: -50 kuni +250 \u00b0C<\/span><br \/>\n<span style=\"font-size: 14px;\">(Hind meetri kohta)<\/span><\/p>","protected":false},"excerpt":{"rendered":"<h3 class=\"title\"><span style=\"font-size: 16px;\">Silikoonvoolik (8&#215;1 mm)<\/span><\/h3>\n","protected":false},"featured_media":13853,"template":"","meta":[],"product_cat":[366,378,434,435,383,432,433],"product_tag":[],"_links":{"self":[{"href":"https:\/\/tdbeer.ee\/et\/wp-json\/wp\/v2\/product\/13852"}],"collection":[{"href":"https:\/\/tdbeer.ee\/et\/wp-json\/wp\/v2\/product"}],"about":[{"href":"https:\/\/tdbeer.ee\/et\/wp-json\/wp\/v2\/types\/product"}],"wp:featuredmedia":[{"embeddable":true,"href":"https:\/\/tdbeer.ee\/et\/wp-json\/wp\/v2\/media\/13853"}],"wp:attachment":[{"href":"https:\/\/tdbeer.ee\/et\/wp-json\/wp\/v2\/media?parent=13852"}],"wp:term":[{"taxonomy":"product_cat","embeddable":true,"href":"https:\/\/tdbeer.ee\/et\/wp-json\/wp\/v2\/product_cat?post=13852"},{"taxonomy":"product_tag","embeddable":true,"href":"https:\/\/tdbeer.ee\/et\/wp-json\/wp\/v2\/product_tag?post=13852"}],"curies":[{"name":"wp","href":"https:\/\/api.w.org\/{rel}","templated":true}]}}