{"id":13891,"date":"2023-09-29T18:41:28","date_gmt":"2023-09-29T18:41:28","guid":{"rendered":""},"modified":"2025-12-02T12:50:48","modified_gmt":"2025-12-02T10:50:48","slug":"roostevabast-terasest-kaaritusnou-200l","status":"publish","type":"product","link":"https:\/\/tdbeer.ee\/et\/p\/roostevabast-terasest-kaaritusnou-200l\/","title":{"rendered":"Roostevabast terasest k\u00e4\u00e4ritusn\u00f5u 200l"},"content":{"rendered":"<p><span style=\"font-size: 14px;\">Avatud paak ujuva kaane, veeluku, manomeetriga pumba, lihtsa kaane ja kraaniga mis tahes vedeliku hoidmiseks. Kaas on otseses kontaktis vedelikuga, takistades seel\u00e4bi vedeliku kokkupuudet \u00f5huga.<\/span><\/p>\n<p><span style=\"font-size: 14px;\">Maht: 200 l<\/span><\/p>","protected":false},"excerpt":{"rendered":"<h3><span style=\"font-size: 16px;\">Avatud roostevabast terasest paak ujuva kaane ja veelukuga 200l<\/span><\/h3>\n","protected":false},"featured_media":13892,"template":"","meta":[],"product_cat":[368,397],"product_tag":[],"_links":{"self":[{"href":"https:\/\/tdbeer.ee\/et\/wp-json\/wp\/v2\/product\/13891"}],"collection":[{"href":"https:\/\/tdbeer.ee\/et\/wp-json\/wp\/v2\/product"}],"about":[{"href":"https:\/\/tdbeer.ee\/et\/wp-json\/wp\/v2\/types\/product"}],"wp:featuredmedia":[{"embeddable":true,"href":"https:\/\/tdbeer.ee\/et\/wp-json\/wp\/v2\/media\/13892"}],"wp:attachment":[{"href":"https:\/\/tdbeer.ee\/et\/wp-json\/wp\/v2\/media?parent=13891"}],"wp:term":[{"taxonomy":"product_cat","embeddable":true,"href":"https:\/\/tdbeer.ee\/et\/wp-json\/wp\/v2\/product_cat?post=13891"},{"taxonomy":"product_tag","embeddable":true,"href":"https:\/\/tdbeer.ee\/et\/wp-json\/wp\/v2\/product_tag?post=13891"}],"curies":[{"name":"wp","href":"https:\/\/api.w.org\/{rel}","templated":true}]}}