{"id":13906,"date":"2023-09-29T18:41:29","date_gmt":"2023-09-29T18:41:29","guid":{"rendered":""},"modified":"2025-09-09T11:39:44","modified_gmt":"2025-09-09T09:39:44","slug":"chemipro-oxi-100g1","status":"publish","type":"product","link":"https:\/\/tdbeer.ee\/et\/p\/chemipro-oxi-100g1\/","title":{"rendered":"Aktiivhapnik Chemipro OXI 100 g."},"content":{"rendered":"<p>UUS, loputamist mittevajav ja keskkonnas\u00f5bralik puhastusvahend igasugusteks kergemateks puhastust\u00f6\u00f6deks vaid \u00fche hooldusega! Aktiivne hapnik v\u00e4hendab kokkupuuteaega ja tagab h\u00fcgieenilise puhastuse.<\/p>\n<p>Doos: 4 g \/ liitri kuuma vee kohta. Kokkupuuteaeg: 2\u20135 minutit.<\/p>","protected":false},"excerpt":{"rendered":"<h3><span style=\"font-size: 16px;\">Aktiivhapnik Chemipro OXI 100 g.<\/span><\/h3>\n","protected":false},"featured_media":13907,"template":"","meta":[],"product_cat":[366,386,560,540,559,561],"product_tag":[],"_links":{"self":[{"href":"https:\/\/tdbeer.ee\/et\/wp-json\/wp\/v2\/product\/13906"}],"collection":[{"href":"https:\/\/tdbeer.ee\/et\/wp-json\/wp\/v2\/product"}],"about":[{"href":"https:\/\/tdbeer.ee\/et\/wp-json\/wp\/v2\/types\/product"}],"wp:featuredmedia":[{"embeddable":true,"href":"https:\/\/tdbeer.ee\/et\/wp-json\/wp\/v2\/media\/13907"}],"wp:attachment":[{"href":"https:\/\/tdbeer.ee\/et\/wp-json\/wp\/v2\/media?parent=13906"}],"wp:term":[{"taxonomy":"product_cat","embeddable":true,"href":"https:\/\/tdbeer.ee\/et\/wp-json\/wp\/v2\/product_cat?post=13906"},{"taxonomy":"product_tag","embeddable":true,"href":"https:\/\/tdbeer.ee\/et\/wp-json\/wp\/v2\/product_tag?post=13906"}],"curies":[{"name":"wp","href":"https:\/\/api.w.org\/{rel}","templated":true}]}}