{"id":13908,"date":"2023-09-29T18:41:29","date_gmt":"2023-09-29T18:41:29","guid":{"rendered":""},"modified":"2025-08-26T12:58:20","modified_gmt":"2025-08-26T10:58:20","slug":"ez-filter","status":"publish","type":"product","link":"https:\/\/tdbeer.ee\/et\/p\/ez-filter\/","title":{"rendered":"EZ-filter"},"content":{"rendered":"<p><span style=\"font-size: 14px;\">S\u00fcsinikpadrunfilter. Kiire, puhas ja h\u00f5lpsasti kasutatav. Spetsiaalselt loodud alkoholi v\u00f5i vee maksimaalseks puhastamiseks. EZ-filter on alkoholi filtreerimise uusim arendus. See kasutab spetsiaalselt loodud tahke aktiivs\u00f6e padrunit, et eemaldada destilleeritud alkoholist soovimatud maitsed.<\/span><\/p>","protected":false},"excerpt":{"rendered":"<h3><span style=\"font-size: 16px;\">EZ-filter<\/span><\/h3>\n","protected":false},"featured_media":13909,"template":"","meta":[],"product_cat":[405,536,535,588],"product_tag":[],"_links":{"self":[{"href":"https:\/\/tdbeer.ee\/et\/wp-json\/wp\/v2\/product\/13908"}],"collection":[{"href":"https:\/\/tdbeer.ee\/et\/wp-json\/wp\/v2\/product"}],"about":[{"href":"https:\/\/tdbeer.ee\/et\/wp-json\/wp\/v2\/types\/product"}],"wp:featuredmedia":[{"embeddable":true,"href":"https:\/\/tdbeer.ee\/et\/wp-json\/wp\/v2\/media\/13909"}],"wp:attachment":[{"href":"https:\/\/tdbeer.ee\/et\/wp-json\/wp\/v2\/media?parent=13908"}],"wp:term":[{"taxonomy":"product_cat","embeddable":true,"href":"https:\/\/tdbeer.ee\/et\/wp-json\/wp\/v2\/product_cat?post=13908"},{"taxonomy":"product_tag","embeddable":true,"href":"https:\/\/tdbeer.ee\/et\/wp-json\/wp\/v2\/product_tag?post=13908"}],"curies":[{"name":"wp","href":"https:\/\/api.w.org\/{rel}","templated":true}]}}