{"id":13933,"date":"2023-09-29T18:41:31","date_gmt":"2023-09-29T18:41:31","guid":{"rendered":""},"modified":"2025-08-27T13:09:59","modified_gmt":"2025-08-27T11:09:59","slug":"ollepudel-500ml-ml-traatkorgiga","status":"publish","type":"product","link":"https:\/\/tdbeer.ee\/et\/p\/ollepudel-500ml-ml-traatkorgiga\/","title":{"rendered":"Pudel 500 ml + kiikkork"},"content":{"rendered":"<p><span style=\"font-size: 14px;\">Nom.maht &#8211; 500 ml<\/span><br \/>\n<span style=\"font-size: 14px;\">Kaal &#8211; 378 g<\/span><br \/>\n<span style=\"font-size: 14px;\">K\u00f5rgus &#8211; 250 mm<\/span><br \/>\n<span style=\"font-size: 14px;\">MAX l\u00e4bim\u00f5\u00f5t &#8211; 72 mm<\/span><br \/>\n<span style=\"font-size: 14px;\">MAX sildi laius &#8211; 13 mm<\/span><br \/>\n<span style=\"font-size: 14px;\">L\u00e4bim\u00f5\u00f5t (sildi kohalt) &#8211; 70 mm<\/span><\/p>","protected":false},"excerpt":{"rendered":"<h3><span style=\"font-size: 16px;\">Klaasist \u00f5llepudel 500ml traatkaanega<\/span><\/h3>\n<h3><\/h3>\n","protected":false},"featured_media":13934,"template":"","meta":[],"product_cat":[368,501,577,369,578,597],"product_tag":[],"_links":{"self":[{"href":"https:\/\/tdbeer.ee\/et\/wp-json\/wp\/v2\/product\/13933"}],"collection":[{"href":"https:\/\/tdbeer.ee\/et\/wp-json\/wp\/v2\/product"}],"about":[{"href":"https:\/\/tdbeer.ee\/et\/wp-json\/wp\/v2\/types\/product"}],"wp:featuredmedia":[{"embeddable":true,"href":"https:\/\/tdbeer.ee\/et\/wp-json\/wp\/v2\/media\/13934"}],"wp:attachment":[{"href":"https:\/\/tdbeer.ee\/et\/wp-json\/wp\/v2\/media?parent=13933"}],"wp:term":[{"taxonomy":"product_cat","embeddable":true,"href":"https:\/\/tdbeer.ee\/et\/wp-json\/wp\/v2\/product_cat?post=13933"},{"taxonomy":"product_tag","embeddable":true,"href":"https:\/\/tdbeer.ee\/et\/wp-json\/wp\/v2\/product_tag?post=13933"}],"curies":[{"name":"wp","href":"https:\/\/api.w.org\/{rel}","templated":true}]}}