{"id":13939,"date":"2023-09-29T18:41:31","date_gmt":"2023-09-29T18:41:31","guid":{"rendered":""},"modified":"2025-08-14T11:46:34","modified_gmt":"2025-08-14T09:46:34","slug":"ruutli-ruube","status":"publish","type":"product","link":"https:\/\/tdbeer.ee\/et\/p\/ruutli-ruube\/","title":{"rendered":"Maltoosa R\u00fc\u00fctli R\u00fc\u00fcbe"},"content":{"rendered":"<p><span style=\"font-size: 14px;\">R\u00fc\u00fctli linnaseekstraktist valmib vaskne, mahe ja kergelt humalane ale t\u00fc\u00fcpi \u00f5lu, mille j\u00e4relmaitses on ploomi. <\/span><br \/>\n<span style=\"font-size: 14px;\">Komplekt sisaldab:<\/span><br \/>\n<span style=\"font-size: 14px;\">-Linnaseekstrakt humalaga 2,4 kg<\/span><br \/>\n<span style=\"font-size: 14px;\">-\u00d5llep\u00e4rm<\/span><br \/>\n<span style=\"font-size: 14px;\">-Valmistusjuhend<\/span><\/p>\n<p><span style=\"font-size: 14px;\">20 liitri kodu\u00f5lle pruulimiseks. 800g suhkru lisamisel tuleb kangust ligikaudu 5% mahust.<\/span><\/p>","protected":false},"excerpt":{"rendered":"<h3><span style=\"font-size: 16px;\">Maltoosa R\u00fc\u00fctli R\u00fc\u00fcbe<\/span><\/h3>\n","protected":false},"featured_media":13940,"template":"","meta":[],"product_cat":[370,371,408],"product_tag":[],"_links":{"self":[{"href":"https:\/\/tdbeer.ee\/et\/wp-json\/wp\/v2\/product\/13939"}],"collection":[{"href":"https:\/\/tdbeer.ee\/et\/wp-json\/wp\/v2\/product"}],"about":[{"href":"https:\/\/tdbeer.ee\/et\/wp-json\/wp\/v2\/types\/product"}],"wp:featuredmedia":[{"embeddable":true,"href":"https:\/\/tdbeer.ee\/et\/wp-json\/wp\/v2\/media\/13940"}],"wp:attachment":[{"href":"https:\/\/tdbeer.ee\/et\/wp-json\/wp\/v2\/media?parent=13939"}],"wp:term":[{"taxonomy":"product_cat","embeddable":true,"href":"https:\/\/tdbeer.ee\/et\/wp-json\/wp\/v2\/product_cat?post=13939"},{"taxonomy":"product_tag","embeddable":true,"href":"https:\/\/tdbeer.ee\/et\/wp-json\/wp\/v2\/product_tag?post=13939"}],"curies":[{"name":"wp","href":"https:\/\/api.w.org\/{rel}","templated":true}]}}