{"id":13943,"date":"2023-09-29T18:41:31","date_gmt":"2023-09-29T18:41:31","guid":{"rendered":""},"modified":"2025-12-16T11:50:26","modified_gmt":"2025-12-16T09:50:26","slug":"kannupoisi-tume","status":"publish","type":"product","link":"https:\/\/tdbeer.ee\/et\/p\/kannupoisi-tume\/","title":{"rendered":"Maltoosa Kannupoisi Tume"},"content":{"rendered":"<p><span style=\"font-size: 14px;\">Kannupoisi maltoosast saab tumeda ale t\u00fc\u00fcpi \u00f5lu, milles segunevad karamell ja humala m\u00f5rkjus.<\/span><br \/>\n<span style=\"font-size: 14px;\">Komplekt sisaldab:<\/span><br \/>\n<span style=\"font-size: 14px;\">-Linnaseekstrakt humalaga 2,4 kg<\/span><br \/>\n<span style=\"font-size: 14px;\">-\u00d5llep\u00e4rm<\/span><br \/>\n<span style=\"font-size: 14px;\">-Valmistusjuhend<\/span><br \/>\n<span style=\"font-size: 14px;\">20 liitri kodu\u00f5lle pruulimiseks. 800g suhkru lisamisel tuleb kangust ligikaudu 5% mahust.<\/span><\/p>","protected":false},"excerpt":{"rendered":"<h3><span style=\"font-size: 16px;\">Maltoosa Kannupoisi Tume<\/span><\/h3>\n","protected":false},"featured_media":15708,"template":"","meta":[],"product_cat":[370,371,408],"product_tag":[],"_links":{"self":[{"href":"https:\/\/tdbeer.ee\/et\/wp-json\/wp\/v2\/product\/13943"}],"collection":[{"href":"https:\/\/tdbeer.ee\/et\/wp-json\/wp\/v2\/product"}],"about":[{"href":"https:\/\/tdbeer.ee\/et\/wp-json\/wp\/v2\/types\/product"}],"wp:featuredmedia":[{"embeddable":true,"href":"https:\/\/tdbeer.ee\/et\/wp-json\/wp\/v2\/media\/15708"}],"wp:attachment":[{"href":"https:\/\/tdbeer.ee\/et\/wp-json\/wp\/v2\/media?parent=13943"}],"wp:term":[{"taxonomy":"product_cat","embeddable":true,"href":"https:\/\/tdbeer.ee\/et\/wp-json\/wp\/v2\/product_cat?post=13943"},{"taxonomy":"product_tag","embeddable":true,"href":"https:\/\/tdbeer.ee\/et\/wp-json\/wp\/v2\/product_tag?post=13943"}],"curies":[{"name":"wp","href":"https:\/\/api.w.org\/{rel}","templated":true}]}}