{"id":14009,"date":"2023-09-29T18:41:36","date_gmt":"2023-09-29T18:41:36","guid":{"rendered":""},"modified":"2025-08-19T13:07:49","modified_gmt":"2025-08-19T11:07:49","slug":"pudelite-kuivati-48-pudelile","status":"publish","type":"product","link":"https:\/\/tdbeer.ee\/et\/p\/pudelite-kuivati-50-pudelile\/","title":{"rendered":"Pudelite kuivati 48\/50 pudelile"},"content":{"rendered":"<p>Statsionaarne pudelikuivatusrest 50 pudelile ilma k\u00e4epidemeta<\/p>\n<p>Kuivatage pudelid p\u00e4rast desinfitseerimist selle \u00f5llepudelite kuivatusrestiga h\u00f5lpsalt \u00f5hu k\u00e4es. Hoidke oma pudelid j\u00e4rgmise \u00f5llepartii jaoks puhtad ja kuivad. See on plastmassist kruvit\u00fc\u00fcpi pudelikuivatusrest.<\/p>\n<p>50 pudeli kuivatusrest on statsionaarne ja ilma k\u00e4epidemeta.<\/p>\n<p>-Kasutage kuni 50 pudeliga<\/p>\n<p>-Kuivatamiseks p\u00f6\u00f6rake tagurpidi ja kruvidega kinnitage<\/p>\n<p>-Valmistatud plastikust ja mugav kodupruulijatele.<\/p>","protected":false},"excerpt":{"rendered":"<h3><span style=\"font-size: 16px;\">Pudelite kuivati 48\/50 pudelile<\/span><\/h3>\n","protected":false},"featured_media":15733,"template":"","meta":[],"product_cat":[366,386,565,540,564],"product_tag":[],"_links":{"self":[{"href":"https:\/\/tdbeer.ee\/et\/wp-json\/wp\/v2\/product\/14009"}],"collection":[{"href":"https:\/\/tdbeer.ee\/et\/wp-json\/wp\/v2\/product"}],"about":[{"href":"https:\/\/tdbeer.ee\/et\/wp-json\/wp\/v2\/types\/product"}],"wp:featuredmedia":[{"embeddable":true,"href":"https:\/\/tdbeer.ee\/et\/wp-json\/wp\/v2\/media\/15733"}],"wp:attachment":[{"href":"https:\/\/tdbeer.ee\/et\/wp-json\/wp\/v2\/media?parent=14009"}],"wp:term":[{"taxonomy":"product_cat","embeddable":true,"href":"https:\/\/tdbeer.ee\/et\/wp-json\/wp\/v2\/product_cat?post=14009"},{"taxonomy":"product_tag","embeddable":true,"href":"https:\/\/tdbeer.ee\/et\/wp-json\/wp\/v2\/product_tag?post=14009"}],"curies":[{"name":"wp","href":"https:\/\/api.w.org\/{rel}","templated":true}]}}