{"id":14013,"date":"2023-09-29T18:41:36","date_gmt":"2023-09-29T18:41:36","guid":{"rendered":""},"modified":"2025-08-27T11:10:07","modified_gmt":"2025-08-27T09:10:07","slug":"ameerika-tammelaastud-50gr","status":"publish","type":"product","link":"https:\/\/tdbeer.ee\/et\/p\/ameerika-tammelaastud-50gr\/","title":{"rendered":"Ameerika tamme laastud 50g"},"content":{"rendered":"<p><span style=\"font-size: 14px;\">Doseerimine: 5-30g\/10L. Ameerika tammelaastud lisavad veinile v\u00f5i teistele alkohoolsetele jookidele pruulimisprotsessi ajal loomuliku tamme aroomi. Loomulikult on k\u00e4\u00e4rimine pruulimisprotsessi k\u00f5ige olulisem osa. Seet\u00f5ttu kasutatakse k\u00e4\u00e4rimisprotsessis tammelaaste.<\/span><\/p>","protected":false},"excerpt":{"rendered":"<h3 style=\"text-align: justify;\"><span style=\"font-size: 16px;\">Ameerika tamme laastud 50g<\/span><\/h3>\n","protected":false},"featured_media":14014,"template":"","meta":[],"product_cat":[405,477,439],"product_tag":[],"_links":{"self":[{"href":"https:\/\/tdbeer.ee\/et\/wp-json\/wp\/v2\/product\/14013"}],"collection":[{"href":"https:\/\/tdbeer.ee\/et\/wp-json\/wp\/v2\/product"}],"about":[{"href":"https:\/\/tdbeer.ee\/et\/wp-json\/wp\/v2\/types\/product"}],"wp:featuredmedia":[{"embeddable":true,"href":"https:\/\/tdbeer.ee\/et\/wp-json\/wp\/v2\/media\/14014"}],"wp:attachment":[{"href":"https:\/\/tdbeer.ee\/et\/wp-json\/wp\/v2\/media?parent=14013"}],"wp:term":[{"taxonomy":"product_cat","embeddable":true,"href":"https:\/\/tdbeer.ee\/et\/wp-json\/wp\/v2\/product_cat?post=14013"},{"taxonomy":"product_tag","embeddable":true,"href":"https:\/\/tdbeer.ee\/et\/wp-json\/wp\/v2\/product_tag?post=14013"}],"curies":[{"name":"wp","href":"https:\/\/api.w.org\/{rel}","templated":true}]}}