{"id":14015,"date":"2023-09-29T18:41:36","date_gmt":"2023-09-29T18:41:36","guid":{"rendered":""},"modified":"2025-08-27T10:52:19","modified_gmt":"2025-08-27T08:52:19","slug":"kastanilaastud-50gr-prantsuse","status":"publish","type":"product","link":"https:\/\/tdbeer.ee\/et\/p\/kastanilaastud-50gr-prantsuse\/","title":{"rendered":"Prantsuse kastanikr\u00f5psud 50g"},"content":{"rendered":"<p><span style=\"font-size: 14px;\">Kasutusjuhend:<\/span><br \/>\n<span style=\"font-size: 14px;\">Optimaalne soovitatav annus on: 2\u20135 g 1 liitri kohta, lisada k\u00e4\u00e4rimisprotsessi ajal v\u00f5i valmistootele s\u00e4ilitamiseks.<\/span><\/p>","protected":false},"excerpt":{"rendered":"<h3><span style=\"font-size: 16px;\">Prantsuse kastanikr\u00f5psud 50g<\/span><\/h3>\n","protected":false},"featured_media":14016,"template":"","meta":[],"product_cat":[405,477,439],"product_tag":[],"_links":{"self":[{"href":"https:\/\/tdbeer.ee\/et\/wp-json\/wp\/v2\/product\/14015"}],"collection":[{"href":"https:\/\/tdbeer.ee\/et\/wp-json\/wp\/v2\/product"}],"about":[{"href":"https:\/\/tdbeer.ee\/et\/wp-json\/wp\/v2\/types\/product"}],"wp:featuredmedia":[{"embeddable":true,"href":"https:\/\/tdbeer.ee\/et\/wp-json\/wp\/v2\/media\/14016"}],"wp:attachment":[{"href":"https:\/\/tdbeer.ee\/et\/wp-json\/wp\/v2\/media?parent=14015"}],"wp:term":[{"taxonomy":"product_cat","embeddable":true,"href":"https:\/\/tdbeer.ee\/et\/wp-json\/wp\/v2\/product_cat?post=14015"},{"taxonomy":"product_tag","embeddable":true,"href":"https:\/\/tdbeer.ee\/et\/wp-json\/wp\/v2\/product_tag?post=14015"}],"curies":[{"name":"wp","href":"https:\/\/api.w.org\/{rel}","templated":true}]}}