{"id":14021,"date":"2023-09-29T18:41:36","date_gmt":"2023-09-29T18:41:36","guid":{"rendered":""},"modified":"2025-08-21T12:23:54","modified_gmt":"2025-08-21T10:23:54","slug":"nonne-noir-madeira","status":"publish","type":"product","link":"https:\/\/tdbeer.ee\/et\/p\/nonne-noir-madeira\/","title":{"rendered":"Nonne Noir Madeira"},"content":{"rendered":"<p><span style=\"font-size: 14px;\">Punase veini kontsentraat. T\u00e4nu k\u00f5rgele viinamarjasuhkru sisaldusele toimub k\u00e4\u00e4rimine kiiremini ja t\u00f5husamalt. Seet\u00f5ttu pole vaja rohkem suhkrut lisada. Nautige maitsvat punast veini Madeira nootidega &#8211; Portugali saarel, millel on veiniajalugu.<\/span><\/p>","protected":false},"excerpt":{"rendered":"<h3><span style=\"font-size: 16px;\">Veini kontsentraat &#8220;Nonne Noir Madeira&#8221;<\/span><\/h3>\n","protected":false},"featured_media":14022,"template":"","meta":[],"product_cat":[366,482],"product_tag":[],"_links":{"self":[{"href":"https:\/\/tdbeer.ee\/et\/wp-json\/wp\/v2\/product\/14021"}],"collection":[{"href":"https:\/\/tdbeer.ee\/et\/wp-json\/wp\/v2\/product"}],"about":[{"href":"https:\/\/tdbeer.ee\/et\/wp-json\/wp\/v2\/types\/product"}],"wp:featuredmedia":[{"embeddable":true,"href":"https:\/\/tdbeer.ee\/et\/wp-json\/wp\/v2\/media\/14022"}],"wp:attachment":[{"href":"https:\/\/tdbeer.ee\/et\/wp-json\/wp\/v2\/media?parent=14021"}],"wp:term":[{"taxonomy":"product_cat","embeddable":true,"href":"https:\/\/tdbeer.ee\/et\/wp-json\/wp\/v2\/product_cat?post=14021"},{"taxonomy":"product_tag","embeddable":true,"href":"https:\/\/tdbeer.ee\/et\/wp-json\/wp\/v2\/product_tag?post=14021"}],"curies":[{"name":"wp","href":"https:\/\/api.w.org\/{rel}","templated":true}]}}