{"id":14035,"date":"2023-09-29T18:41:37","date_gmt":"2023-09-29T18:41:37","guid":{"rendered":""},"modified":"2025-11-29T11:06:02","modified_gmt":"2025-11-29T09:06:02","slug":"thomas-coopers-brew-a-ipa-1-7kg","status":"publish","type":"product","link":"https:\/\/tdbeer.ee\/et\/p\/thomas-coopers-brew-a-ipa-1-7kg\/","title":{"rendered":"Coopers DIY Beer Thomas Brew A IPA"},"content":{"rendered":"<p><span style=\"font-size: 14px;\">Thomas Cooperi esimene registreeritud \u00f5lu kandis m\u00e4rgistust &#8220;A&#8221;. Tema 13. mai 1862. aasta pruulimisp\u00e4eviku kohaselt sisaldas &#8220;A&#8221; neli bu\u0161\u0161eli linnast ja kaheksa naela Kenti humalat 46 gallonis vees, millest ta valmistas hele ale&#8217;i ja veidi kangema ale&#8217;i.<\/span><\/p>\n<p><span style=\"font-size: 14px;\">See Ameerika stiilis IPA on pruulitud selle kangema ale&#8217;i traditsiooni kohaselt. T\u00e4idlane, s\u00fcgava merevaigukollase ja punaka varjundiga, sellel on troopilised, tsitruselised, greibikujulised noodid ja r\u00f6stitud merevaigukollane linnase, mis tasakaalustab puhast, humalast ja m\u00f5rkjat j\u00e4relmaitset. Te ei usu, et Thomas m\u00fc\u00fcs selle seitsme \u0161illingi eest tosina kohta.<\/span><\/p>\n<p><span style=\"font-size: 14px;\">Netokaal: 1,7 kg. Annab 23 liitrit \u00f5lut.<\/span><\/p>","protected":false},"excerpt":{"rendered":"<h3><span style=\"font-size: 16px;\">\u00d5lleekstrakt &#8220;Coopers DIY Beer Thomas Brew A IPA&#8221;<\/span><\/h3>\n","protected":false},"featured_media":15815,"template":"","meta":[],"product_cat":[370,371,413],"product_tag":[],"_links":{"self":[{"href":"https:\/\/tdbeer.ee\/et\/wp-json\/wp\/v2\/product\/14035"}],"collection":[{"href":"https:\/\/tdbeer.ee\/et\/wp-json\/wp\/v2\/product"}],"about":[{"href":"https:\/\/tdbeer.ee\/et\/wp-json\/wp\/v2\/types\/product"}],"wp:featuredmedia":[{"embeddable":true,"href":"https:\/\/tdbeer.ee\/et\/wp-json\/wp\/v2\/media\/15815"}],"wp:attachment":[{"href":"https:\/\/tdbeer.ee\/et\/wp-json\/wp\/v2\/media?parent=14035"}],"wp:term":[{"taxonomy":"product_cat","embeddable":true,"href":"https:\/\/tdbeer.ee\/et\/wp-json\/wp\/v2\/product_cat?post=14035"},{"taxonomy":"product_tag","embeddable":true,"href":"https:\/\/tdbeer.ee\/et\/wp-json\/wp\/v2\/product_tag?post=14035"}],"curies":[{"name":"wp","href":"https:\/\/api.w.org\/{rel}","templated":true}]}}