{"id":14037,"date":"2023-09-29T18:41:37","date_gmt":"2023-09-29T18:41:37","guid":{"rendered":"https:\/\/tdbeer.ee\/ru\/p\/thomas-coopers-86-days-pilsner-1-7kg\/"},"modified":"2025-08-19T15:04:03","modified_gmt":"2025-08-19T13:04:03","slug":"thomas-coopers-86-days-pilsner-1-7kg","status":"publish","type":"product","link":"https:\/\/tdbeer.ee\/et\/p\/thomas-coopers-86-days-pilsner-1-7kg\/","title":{"rendered":"Thomas Coopers 86 Days Pilsner"},"content":{"rendered":"<p><span style=\"font-size: 14px;\">Thomas Cooper, tema naine Ann ja nende kaks last seilasid 29. mail 1852 SS Omega pardal Plymouthist, Inglismaalt, Austraaliasse. See ohtlik merereis kestis 86 p\u00e4eva ja tundus igavikuna, kuid nad j\u00f5udsid l\u00f5puks 24. augustil Adelaide&#8217;i p\u00e4ikeselistele kallastele.<\/span><\/p>\n<p><span style=\"font-size: 14px;\">86 Days Pilsner avaldab austust teekonnale, mille Thomas ette v\u00f5ttis, et oma perele uus algus teha. See on kuldse v\u00e4rvusega, peene linnaselise magususe ja elegantsete rafineeritud \u00fcrdinootidega, v\u00e4rskendavalt puhta, karge m\u00f5rkja j\u00e4relmaitse ja rikkaliku vahuga. \u00d5nneks kulub selle valmistamiseks palju v\u00e4hem kui 86 p\u00e4eva.<\/span><\/p>","protected":false},"excerpt":{"rendered":"<h3><span style=\"font-size: 16px;\">Thomas Coopers 86 Days Pilsner<\/span><\/h3>\n","protected":false},"featured_media":15746,"template":"","meta":[],"product_cat":[370,371,413],"product_tag":[],"_links":{"self":[{"href":"https:\/\/tdbeer.ee\/et\/wp-json\/wp\/v2\/product\/14037"}],"collection":[{"href":"https:\/\/tdbeer.ee\/et\/wp-json\/wp\/v2\/product"}],"about":[{"href":"https:\/\/tdbeer.ee\/et\/wp-json\/wp\/v2\/types\/product"}],"wp:featuredmedia":[{"embeddable":true,"href":"https:\/\/tdbeer.ee\/et\/wp-json\/wp\/v2\/media\/15746"}],"wp:attachment":[{"href":"https:\/\/tdbeer.ee\/et\/wp-json\/wp\/v2\/media?parent=14037"}],"wp:term":[{"taxonomy":"product_cat","embeddable":true,"href":"https:\/\/tdbeer.ee\/et\/wp-json\/wp\/v2\/product_cat?post=14037"},{"taxonomy":"product_tag","embeddable":true,"href":"https:\/\/tdbeer.ee\/et\/wp-json\/wp\/v2\/product_tag?post=14037"}],"curies":[{"name":"wp","href":"https:\/\/api.w.org\/{rel}","templated":true}]}}