{"id":14080,"date":"2023-09-29T18:41:43","date_gmt":"2023-09-29T18:41:43","guid":{"rendered":""},"modified":"2025-08-22T18:44:20","modified_gmt":"2025-08-22T16:44:20","slug":"alkomeeter-kangele-spiritferm-0-100-16-18cm","status":"publish","type":"product","link":"https:\/\/tdbeer.ee\/et\/p\/alkomeeter-kangele-spiritferm-0-100-16-18cm\/","title":{"rendered":"Spirit Fermi alkoholim\u00f5\u00f5tur 0-100% 16-18 cm"},"content":{"rendered":"<p><span style=\"font-size: 14px;\">16\u201318 cm pikkune alkoholim\u00f5\u00f5tur on m\u00f5eldud alkoholisisalduse m\u00f5\u00f5tmiseks vahemikus 0\u2013100%.<\/span><\/p>","protected":false},"excerpt":{"rendered":"<h3><span style=\"font-size: 16px;\">Spirit Fermi alkoholim\u00f5\u00f5tur 0-100% 16-18 cm<\/span><\/h3>\n","protected":false},"featured_media":14081,"template":"","meta":[],"product_cat":[491,405,494],"product_tag":[],"_links":{"self":[{"href":"https:\/\/tdbeer.ee\/et\/wp-json\/wp\/v2\/product\/14080"}],"collection":[{"href":"https:\/\/tdbeer.ee\/et\/wp-json\/wp\/v2\/product"}],"about":[{"href":"https:\/\/tdbeer.ee\/et\/wp-json\/wp\/v2\/types\/product"}],"wp:featuredmedia":[{"embeddable":true,"href":"https:\/\/tdbeer.ee\/et\/wp-json\/wp\/v2\/media\/14081"}],"wp:attachment":[{"href":"https:\/\/tdbeer.ee\/et\/wp-json\/wp\/v2\/media?parent=14080"}],"wp:term":[{"taxonomy":"product_cat","embeddable":true,"href":"https:\/\/tdbeer.ee\/et\/wp-json\/wp\/v2\/product_cat?post=14080"},{"taxonomy":"product_tag","embeddable":true,"href":"https:\/\/tdbeer.ee\/et\/wp-json\/wp\/v2\/product_tag?post=14080"}],"curies":[{"name":"wp","href":"https:\/\/api.w.org\/{rel}","templated":true}]}}