{"id":14095,"date":"2023-09-29T18:41:44","date_gmt":"2023-09-29T18:41:44","guid":{"rendered":""},"modified":"2025-09-09T11:50:23","modified_gmt":"2025-09-09T09:50:23","slug":"turbo-parm-moskva-style-spiritferm","status":"publish","type":"product","link":"https:\/\/tdbeer.ee\/et\/p\/turbo-parm-moskva-style-spiritferm\/","title":{"rendered":"Moskva style Spiritferm"},"content":{"rendered":"<p><span style=\"font-size: 14px;\">M\u00f5eldud 6, 7 v\u00f5i 8 kg suhkru kiireks k\u00e4\u00e4ritamiseks. K\u00e4\u00e4rimisaeg s\u00f5ltuvalt suhkru kogusest ja \u00fcmbritsevast temperatuurist:<\/span><\/p>\n<p><span style=\"font-size: 14px;\">kuni 14% umbes 2 p\u00e4eva<\/span><br \/>\n<span style=\"font-size: 14px;\">kuni 20% umbes 5 p\u00e4eva<\/span><\/p>\n<p><span style=\"font-size: 14px;\">Koostisosad: p\u00e4rm, toitained, vitamiinid ja mikroelemendid.<\/span><\/p>\n<p><span style=\"font-size: 14px;\">Kaal: 140 g<\/span><\/p>\n<p><span style=\"font-size: 14px;\">6 kg suhkrut &#8211; 21 l = kokku 25 l<\/span><br \/>\n<span style=\"font-size: 14px;\">14% &#8211; 2-3 p\u00e4eva<\/span><\/p>\n<p><span style=\"font-size: 14px;\">7 kg suhkrut &#8211; 20 l = kokku 25 l<\/span><br \/>\n<span style=\"font-size: 14px;\">17% &#8211; 3-4 p\u00e4eva<\/span><\/p>\n<p><span style=\"font-size: 14px;\">8 kg suhkrut &#8211; 19 l = kokku 25 l<\/span><\/p>\n<p><span style=\"font-size: 14px;\">19-20% 5-6 p\u00e4eva<\/span><\/p>","protected":false},"excerpt":{"rendered":"<h3><span style=\"font-size: 16px;\">Turbo p\u00e4rm Moskva style Spiritferm<\/span><\/h3>\n<p>&nbsp;<\/p>\n","protected":false},"featured_media":15804,"template":"","meta":[],"product_cat":[405,533],"product_tag":[],"_links":{"self":[{"href":"https:\/\/tdbeer.ee\/et\/wp-json\/wp\/v2\/product\/14095"}],"collection":[{"href":"https:\/\/tdbeer.ee\/et\/wp-json\/wp\/v2\/product"}],"about":[{"href":"https:\/\/tdbeer.ee\/et\/wp-json\/wp\/v2\/types\/product"}],"wp:featuredmedia":[{"embeddable":true,"href":"https:\/\/tdbeer.ee\/et\/wp-json\/wp\/v2\/media\/15804"}],"wp:attachment":[{"href":"https:\/\/tdbeer.ee\/et\/wp-json\/wp\/v2\/media?parent=14095"}],"wp:term":[{"taxonomy":"product_cat","embeddable":true,"href":"https:\/\/tdbeer.ee\/et\/wp-json\/wp\/v2\/product_cat?post=14095"},{"taxonomy":"product_tag","embeddable":true,"href":"https:\/\/tdbeer.ee\/et\/wp-json\/wp\/v2\/product_tag?post=14095"}],"curies":[{"name":"wp","href":"https:\/\/api.w.org\/{rel}","templated":true}]}}