{"id":14097,"date":"2023-09-29T18:41:44","date_gmt":"2023-09-29T18:41:44","guid":{"rendered":""},"modified":"2025-08-26T14:15:46","modified_gmt":"2025-08-26T12:15:46","slug":"coobra-turbo-clear-24h","status":"publish","type":"product","link":"https:\/\/tdbeer.ee\/et\/p\/coobra-turbo-clear-24h\/","title":{"rendered":"Coobra Turbo Clear 24h"},"content":{"rendered":"<p><span style=\"font-size: 14px;\">Veini, \u00f5lle ja muud selitaja<\/span><\/p>\n<div class=\"short-description\">\n<p><span style=\"font-size: 14px;\">Muudab veini, \u00f5lle ja muud 24 tunni jooksul selgeks. Ei sobi punasele veinile sest selgitab veinist v\u00e4rvaine v\u00e4lja .<\/span><\/p>\n<\/div>\n<p><\/p>","protected":false},"excerpt":{"rendered":"<h3>Coobra Turbo Clear 24h<\/h3>\n<div class=\"short-description\">\n<p>&nbsp;<\/p>\n<\/div>\n","protected":false},"featured_media":14098,"template":"","meta":[],"product_cat":[366,573],"product_tag":[],"_links":{"self":[{"href":"https:\/\/tdbeer.ee\/et\/wp-json\/wp\/v2\/product\/14097"}],"collection":[{"href":"https:\/\/tdbeer.ee\/et\/wp-json\/wp\/v2\/product"}],"about":[{"href":"https:\/\/tdbeer.ee\/et\/wp-json\/wp\/v2\/types\/product"}],"wp:featuredmedia":[{"embeddable":true,"href":"https:\/\/tdbeer.ee\/et\/wp-json\/wp\/v2\/media\/14098"}],"wp:attachment":[{"href":"https:\/\/tdbeer.ee\/et\/wp-json\/wp\/v2\/media?parent=14097"}],"wp:term":[{"taxonomy":"product_cat","embeddable":true,"href":"https:\/\/tdbeer.ee\/et\/wp-json\/wp\/v2\/product_cat?post=14097"},{"taxonomy":"product_tag","embeddable":true,"href":"https:\/\/tdbeer.ee\/et\/wp-json\/wp\/v2\/product_tag?post=14097"}],"curies":[{"name":"wp","href":"https:\/\/api.w.org\/{rel}","templated":true}]}}