{"id":14099,"date":"2023-09-29T18:41:44","date_gmt":"2023-09-29T18:41:44","guid":{"rendered":""},"modified":"2025-09-17T10:54:08","modified_gmt":"2025-09-17T08:54:08","slug":"spiritferm-superklar-24h","status":"publish","type":"product","link":"https:\/\/tdbeer.ee\/et\/p\/spiritferm-superklar-24h\/","title":{"rendered":"SpiritFerm SUPERKLAR  24h"},"content":{"rendered":"<p>Kaasaegne professionaalne Euroopa veini\/meski selitaja. Vajalik p\u00e4rmij\u00e4\u00e4kide ja lisandite t\u00e4ielikuks eemaldamiseks, mis parandab veini\/meski kvaliteeti mitu korda.<\/p>","protected":false},"excerpt":{"rendered":"<h3><span style=\"font-size: 16px;\">SpiritFerm SUPERKLAR\u00a0 24h selitaja<\/span><\/h3>\n<div class=\"short-description\">\n<p>&nbsp;<\/p>\n<\/div>\n","protected":false},"featured_media":14100,"template":"","meta":[],"product_cat":[366,539,548,482,612,573,405,536,533],"product_tag":[],"_links":{"self":[{"href":"https:\/\/tdbeer.ee\/et\/wp-json\/wp\/v2\/product\/14099"}],"collection":[{"href":"https:\/\/tdbeer.ee\/et\/wp-json\/wp\/v2\/product"}],"about":[{"href":"https:\/\/tdbeer.ee\/et\/wp-json\/wp\/v2\/types\/product"}],"wp:featuredmedia":[{"embeddable":true,"href":"https:\/\/tdbeer.ee\/et\/wp-json\/wp\/v2\/media\/14100"}],"wp:attachment":[{"href":"https:\/\/tdbeer.ee\/et\/wp-json\/wp\/v2\/media?parent=14099"}],"wp:term":[{"taxonomy":"product_cat","embeddable":true,"href":"https:\/\/tdbeer.ee\/et\/wp-json\/wp\/v2\/product_cat?post=14099"},{"taxonomy":"product_tag","embeddable":true,"href":"https:\/\/tdbeer.ee\/et\/wp-json\/wp\/v2\/product_tag?post=14099"}],"curies":[{"name":"wp","href":"https:\/\/api.w.org\/{rel}","templated":true}]}}