{"id":14106,"date":"2023-09-29T18:41:48","date_gmt":"2023-09-29T18:41:48","guid":{"rendered":""},"modified":"2025-08-23T12:21:16","modified_gmt":"2025-08-23T10:21:16","slug":"tennessee-whisky-250ml","status":"publish","type":"product","link":"https:\/\/tdbeer.ee\/et\/p\/tennessee-whisky-250ml\/","title":{"rendered":"Tennessee Whiskey 250ml"},"content":{"rendered":"<p><span style=\"font-size: 14px;\">Tennessee viski, 250 ml 7,5 l kohta<\/span><\/p>\n<p><span style=\"font-size: 14px;\">Selle joogi aroom v\u00f5lub gurmaane. Rikkalik v\u00e4rv, v\u00e4ljendunud magusad aroomid ja karamelli-maisi maitse. Suurep\u00e4rane viski kokteilide jaoks, seda on raske ehtsast viskist eristada.<\/span><\/p>\n<p><span style=\"font-size: 14px;\">Kasutusjuhend: vala 25 ml essentsi 750 ml pudelisse ja lisa 40% viina. Loksuta, lase 24 tundi t\u00f5mmata ja ongi valmis. Joogi pikem laagerdumine parandab selle maitset.<\/span><\/p>","protected":false},"excerpt":{"rendered":"<h3><span style=\"font-size: 16px;\">Essents &#8220;Strands Essens Tennessee Whisky 250ml&#8221;<\/span><\/h3>\n","protected":false},"featured_media":15785,"template":"","meta":[],"product_cat":[405,475,477],"product_tag":[],"_links":{"self":[{"href":"https:\/\/tdbeer.ee\/et\/wp-json\/wp\/v2\/product\/14106"}],"collection":[{"href":"https:\/\/tdbeer.ee\/et\/wp-json\/wp\/v2\/product"}],"about":[{"href":"https:\/\/tdbeer.ee\/et\/wp-json\/wp\/v2\/types\/product"}],"wp:featuredmedia":[{"embeddable":true,"href":"https:\/\/tdbeer.ee\/et\/wp-json\/wp\/v2\/media\/15785"}],"wp:attachment":[{"href":"https:\/\/tdbeer.ee\/et\/wp-json\/wp\/v2\/media?parent=14106"}],"wp:term":[{"taxonomy":"product_cat","embeddable":true,"href":"https:\/\/tdbeer.ee\/et\/wp-json\/wp\/v2\/product_cat?post=14106"},{"taxonomy":"product_tag","embeddable":true,"href":"https:\/\/tdbeer.ee\/et\/wp-json\/wp\/v2\/product_tag?post=14106"}],"curies":[{"name":"wp","href":"https:\/\/api.w.org\/{rel}","templated":true}]}}