{"id":14109,"date":"2023-09-29T18:41:48","date_gmt":"2023-09-29T18:41:48","guid":{"rendered":""},"modified":"2025-09-30T13:27:42","modified_gmt":"2025-09-30T11:27:42","slug":"plum-brandy-slivovits-250ml","status":"publish","type":"product","link":"https:\/\/tdbeer.ee\/et\/p\/plum-brandy-slivovits-250ml\/","title":{"rendered":"Plum Brandy Slivovits 250ml"},"content":{"rendered":"<p><span style=\"font-size: 14px;\">Aroom on intensiivne, puuviljane, selgelt tunda k\u00fcpsete, magusate ploomide nooti. Sageli esinevad ka kuivatatud ploomide, karamelli ja \u00f5rna mandli kibeduse noodid. J\u00e4relmaitse on soe ja kutsuv, pika ja meeldiva j\u00e4relmaitsega, mis on t\u00e4is puuvilja ja kerget v\u00fcrtsi.<\/span><\/p>\n<p><span style=\"font-size: 14px;\">250 ml \u2013 piisavalt essentsi umbes 7,5 liitri alkoholi jaoks<\/span><br \/>\n<span style=\"font-size: 14px;\">25 ml \u2013 750 ml pudeli jaoks<\/span><\/p>\n<p><span style=\"font-size: 14px;\">Juhend: Valage 25 ml essentsi 750 ml pudelisse ja lisage peale 40% viina (v\u00f5i 100% alkoholi, vastavalt soovile). Loksutage, laske 24 tundi seista ja ongi valmis. Joogi pikemaajaline &#8220;seedumine&#8221; tugevdab selle maitset.<\/span><\/p>","protected":false},"excerpt":{"rendered":"<h3><span style=\"font-size: 16px;\">Essents &#8220;Plum Brandy Slivovits 250ml&#8221;<\/span><\/h3>\n<p>&nbsp;<\/p>\n","protected":false},"featured_media":15782,"template":"","meta":[],"product_cat":[405,475],"product_tag":[],"_links":{"self":[{"href":"https:\/\/tdbeer.ee\/et\/wp-json\/wp\/v2\/product\/14109"}],"collection":[{"href":"https:\/\/tdbeer.ee\/et\/wp-json\/wp\/v2\/product"}],"about":[{"href":"https:\/\/tdbeer.ee\/et\/wp-json\/wp\/v2\/types\/product"}],"wp:featuredmedia":[{"embeddable":true,"href":"https:\/\/tdbeer.ee\/et\/wp-json\/wp\/v2\/media\/15782"}],"wp:attachment":[{"href":"https:\/\/tdbeer.ee\/et\/wp-json\/wp\/v2\/media?parent=14109"}],"wp:term":[{"taxonomy":"product_cat","embeddable":true,"href":"https:\/\/tdbeer.ee\/et\/wp-json\/wp\/v2\/product_cat?post=14109"},{"taxonomy":"product_tag","embeddable":true,"href":"https:\/\/tdbeer.ee\/et\/wp-json\/wp\/v2\/product_tag?post=14109"}],"curies":[{"name":"wp","href":"https:\/\/api.w.org\/{rel}","templated":true}]}}