{"id":14112,"date":"2023-09-29T18:41:49","date_gmt":"2023-09-29T18:41:49","guid":{"rendered":""},"modified":"2025-09-30T13:48:38","modified_gmt":"2025-09-30T11:48:38","slug":"amaretto-250ml","status":"publish","type":"product","link":"https:\/\/tdbeer.ee\/et\/p\/amaretto-250ml\/","title":{"rendered":"Amaretto 250ml"},"content":{"rendered":"<p><span style=\"font-size: 14px;\">Aroomis on magus mandlimaitse, millel on selgelt eristuvad karamelli ja vanilje noodid. Taustal on tunda virsikuid ja aprikoose meenutavaid peeneid puuviljaseid alatoone, mis annavad joogile \u00f5rna kerguse. See on mahe ja sametine, meeldiva p\u00e4hklise j\u00e4relmaitsega, mis p\u00fcsib suulaes kaua. \u00dcldmaitse on harmooniline, magus, kuid samas ka kerge s\u00fcgavusega, mist\u00f5ttu on seda nauditav ja lihtne juua nii eraldi tarvitatuna kui ka kokteilides.<\/span><\/p>\n<p><span style=\"font-size: 14px;\">250 ml \u2013 piisavalt essentsi umbes 7,5 liitri alkoholi jaoks<\/span><\/p>\n<p><span style=\"font-size: 14px;\">25 ml \u2013 750 ml pudeli jaoks<\/span><\/p>\n<p><span style=\"font-size: 14px;\">Juhend: Valage 750 ml pudelisse 200 g peent suhkrut v\u00f5i gl\u00fckoosi, lisage 25 ml essentsi ja t\u00e4itke 45% viinaga (v\u00f5i soovi korral 100%). Loksutage, kuni suhkur on t\u00e4ielikult lahustunud, laske 24 tundi seista ja see on valmis. Pikem &#8220;leevendamise&#8221; aeg tugevdab maitset.<\/span><\/p>","protected":false},"excerpt":{"rendered":"<h3><span style=\"font-size: 16px;\">Essents\u00a0&#8220;Strands Essens Amaretto 250ml&#8221;<\/span><\/h3>\n","protected":false},"featured_media":15779,"template":"","meta":[],"product_cat":[405,475],"product_tag":[],"_links":{"self":[{"href":"https:\/\/tdbeer.ee\/et\/wp-json\/wp\/v2\/product\/14112"}],"collection":[{"href":"https:\/\/tdbeer.ee\/et\/wp-json\/wp\/v2\/product"}],"about":[{"href":"https:\/\/tdbeer.ee\/et\/wp-json\/wp\/v2\/types\/product"}],"wp:featuredmedia":[{"embeddable":true,"href":"https:\/\/tdbeer.ee\/et\/wp-json\/wp\/v2\/media\/15779"}],"wp:attachment":[{"href":"https:\/\/tdbeer.ee\/et\/wp-json\/wp\/v2\/media?parent=14112"}],"wp:term":[{"taxonomy":"product_cat","embeddable":true,"href":"https:\/\/tdbeer.ee\/et\/wp-json\/wp\/v2\/product_cat?post=14112"},{"taxonomy":"product_tag","embeddable":true,"href":"https:\/\/tdbeer.ee\/et\/wp-json\/wp\/v2\/product_tag?post=14112"}],"curies":[{"name":"wp","href":"https:\/\/api.w.org\/{rel}","templated":true}]}}