{"id":14114,"date":"2023-09-29T18:41:49","date_gmt":"2023-09-29T18:41:49","guid":{"rendered":""},"modified":"2025-09-09T12:10:28","modified_gmt":"2025-09-09T10:10:28","slug":"kaarimise-peataja-parmistopp-spiritferm","status":"publish","type":"product","link":"https:\/\/tdbeer.ee\/et\/p\/kaarimise-peataja-parmistopp-spiritferm\/","title":{"rendered":"Stabilisaator SpiritFerm 10gr"},"content":{"rendered":"<p><span style=\"font-size: 14px;\">Spetsiaalne kombineeritud preparaat veini stabiliseerimiseks p\u00e4rast k\u00e4\u00e4rimist. Sisaldab ideaalses vahekorras kaaliummetabisulfiti ja kaaliumsorbaati. Hoiab \u00e4ra k\u00e4\u00e4rimise pudelis, pakub usaldusv\u00e4\u00e4rset kaitset oks\u00fcdeerumise ja hallituse eest.<\/span><\/p>\n<p><span style=\"font-size: 14px;\">Kuni 25 l veini.<\/span><\/p>\n<p><span style=\"font-size: 14px;\">Annab v\u00f5imaluse veini magustada p\u00e4rast selitamist.<\/span><\/p>\n<p><span style=\"font-size: 14px;\">P\u00e4rmipeataja takistab veini uuesti k\u00e4\u00e4rimist.<\/span><\/p>","protected":false},"excerpt":{"rendered":"<h3><span style=\"font-size: 16px;\">Stabilisaator SpiritFerm 10gr<\/span><\/h3>\n","protected":false},"featured_media":14115,"template":"","meta":[],"product_cat":[366,482,436,441,612,573,540,559,561],"product_tag":[],"_links":{"self":[{"href":"https:\/\/tdbeer.ee\/et\/wp-json\/wp\/v2\/product\/14114"}],"collection":[{"href":"https:\/\/tdbeer.ee\/et\/wp-json\/wp\/v2\/product"}],"about":[{"href":"https:\/\/tdbeer.ee\/et\/wp-json\/wp\/v2\/types\/product"}],"wp:featuredmedia":[{"embeddable":true,"href":"https:\/\/tdbeer.ee\/et\/wp-json\/wp\/v2\/media\/14115"}],"wp:attachment":[{"href":"https:\/\/tdbeer.ee\/et\/wp-json\/wp\/v2\/media?parent=14114"}],"wp:term":[{"taxonomy":"product_cat","embeddable":true,"href":"https:\/\/tdbeer.ee\/et\/wp-json\/wp\/v2\/product_cat?post=14114"},{"taxonomy":"product_tag","embeddable":true,"href":"https:\/\/tdbeer.ee\/et\/wp-json\/wp\/v2\/product_tag?post=14114"}],"curies":[{"name":"wp","href":"https:\/\/api.w.org\/{rel}","templated":true}]}}