{"id":14122,"date":"2023-09-29T18:41:50","date_gmt":"2023-09-29T18:41:50","guid":{"rendered":""},"modified":"2025-08-23T11:36:52","modified_gmt":"2025-08-23T09:36:52","slug":"calvados-250ml","status":"publish","type":"product","link":"https:\/\/tdbeer.ee\/et\/p\/calvados-250ml\/","title":{"rendered":"Calvados 250ml"},"content":{"rendered":"<p><span style=\"font-size: 14px;\">Prantsuse br\u00e4ndi k\u00e4\u00e4ritatud \u00f5unte maitsega ja tammevaatides laagerdunud. Maitsev \u00f5unabr\u00e4ndi.<\/span><\/p>\n<p><span style=\"font-size: 14px;\">Need annavad t\u00f5eliselt suurep\u00e4raseid tulemusi, mis on tavatarbijatele tavaliselt tundmatud. Kasutades meie essentse, on iga\u00fchel meist ainulaadne v\u00f5imalus proovida alkoholi maailma eri paigust, s\u00e4\u00e4stes seel\u00e4bi palju raha. T\u00e4nu neile essentsidele on iga\u00fchel meist ka v\u00f5imalus koguda oma \u00f5lavarre alkoholikomplekt nagu p\u00e4ris JOOGIBAARIS!<\/span><\/p>\n<p><span style=\"font-size: 14px;\">Vala 25 ml essentsi 750 ml puhta viina pudelisse. Sega hoolikalt. Lase 24 tundi seista.<\/span><\/p>\n<p><span style=\"font-size: 14px;\">Prantsuse br\u00e4ndi, mida iseloomustab kuivatatud puuvilja (\u00f5una) maitse ja iseloomulik \u00f5unabukett.<\/span><\/p>","protected":false},"excerpt":{"rendered":"<h3><span style=\"font-size: 16px;\">Essents &#8220;Strands Essens Calvados 250ml&#8221;<\/span><\/h3>\n","protected":false},"featured_media":14123,"template":"","meta":[],"product_cat":[405,475,477],"product_tag":[],"_links":{"self":[{"href":"https:\/\/tdbeer.ee\/et\/wp-json\/wp\/v2\/product\/14122"}],"collection":[{"href":"https:\/\/tdbeer.ee\/et\/wp-json\/wp\/v2\/product"}],"about":[{"href":"https:\/\/tdbeer.ee\/et\/wp-json\/wp\/v2\/types\/product"}],"wp:featuredmedia":[{"embeddable":true,"href":"https:\/\/tdbeer.ee\/et\/wp-json\/wp\/v2\/media\/14123"}],"wp:attachment":[{"href":"https:\/\/tdbeer.ee\/et\/wp-json\/wp\/v2\/media?parent=14122"}],"wp:term":[{"taxonomy":"product_cat","embeddable":true,"href":"https:\/\/tdbeer.ee\/et\/wp-json\/wp\/v2\/product_cat?post=14122"},{"taxonomy":"product_tag","embeddable":true,"href":"https:\/\/tdbeer.ee\/et\/wp-json\/wp\/v2\/product_tag?post=14122"}],"curies":[{"name":"wp","href":"https:\/\/api.w.org\/{rel}","templated":true}]}}