{"id":14125,"date":"2023-09-29T18:41:50","date_gmt":"2023-09-29T18:41:50","guid":{"rendered":""},"modified":"2025-09-30T13:33:34","modified_gmt":"2025-09-30T11:33:34","slug":"cherry-brandy-250ml","status":"publish","type":"product","link":"https:\/\/tdbeer.ee\/et\/p\/cherry-brandy-250ml\/","title":{"rendered":"Cherry Brandy 250ml"},"content":{"rendered":"<p><span style=\"font-size: 14px;\">Rikkalik kirsibr\u00e4ndi maitse \u2013 s\u00fcgav, puuviljane ja mahe<\/span><br \/>\n<span style=\"font-size: 14px;\">Suur 250 ml pudel \u2013 annab kuni 7,5 liitrit alkoholi<\/span><br \/>\n<span style=\"font-size: 14px;\">Sobib ideaalselt viina, neutraalsete alkohoolsete jookide ja koduse destilleerimise jaoks<\/span><\/p>\n<p><span style=\"font-size: 14px;\">S\u00fcgava kirsi aroomi ja maheda, br\u00e4ndilaadse j\u00e4relmaitsega sobib see suurep\u00e4raselt puhtalt nautimiseks, kokteilidesse segamiseks v\u00f5i omatehtud jookidele professionaalse ilme andmiseks<\/span><\/p>\n<p><span style=\"font-size: 14px;\">Peamised omadused:<\/span><br \/>\n<span style=\"font-size: 14px;\">Rikkalik kirsibr\u00e4ndi maitse \u2013 s\u00fcgav, puuviljane ja kergelt soojendav<\/span><br \/>\n<span style=\"font-size: 14px;\">Maitsestab kuni 7,5 liitrit alkoholi (kasutage 25 ml 750 ml pudeli kohta)<\/span><br \/>\n<span style=\"font-size: 14px;\">250 ml pudel \u2013 \u00f6konoomne suurus mitme partii jaoks<\/span><br \/>\n<span style=\"font-size: 14px;\">Ideaalne viina, neutraalsete alkohoolsete jookide ja koduse destilleeritud alkoholi jaoks<\/span><br \/>\n<span style=\"font-size: 14px;\">Sobib ideaalselt koduseks kasutamiseks, kingituste tegemiseks v\u00f5i k\u00e4sit\u00f6\u00f6na valmistatud alkohoolsete jookide segamiseks<\/span><\/p>\n<p><span style=\"font-size: 14px;\">Kasutusjuhised:<\/span><br \/>\n<span style=\"font-size: 14px;\">1. Valage 25 ml essentsi ja 100 g suhkrut 750 ml puhta viina v\u00f5i neutraalse alkohoolse joogi pudelisse.<\/span><br \/>\n<span style=\"font-size: 14px;\">2. Loksutage korralikult, et seguneks.<\/span><br \/>\n<span style=\"font-size: 14px;\">3. Parima maitse saavutamiseks laske enne serveerimist 24 tundi seista.<\/span><\/p>","protected":false},"excerpt":{"rendered":"<h3><span style=\"font-size: 16px;\">Essents &#8220;Strands Essens Cherry Brandy 250ml&#8221;<\/span><\/h3>\n","protected":false},"featured_media":15784,"template":"","meta":[],"product_cat":[405,475,477],"product_tag":[],"_links":{"self":[{"href":"https:\/\/tdbeer.ee\/et\/wp-json\/wp\/v2\/product\/14125"}],"collection":[{"href":"https:\/\/tdbeer.ee\/et\/wp-json\/wp\/v2\/product"}],"about":[{"href":"https:\/\/tdbeer.ee\/et\/wp-json\/wp\/v2\/types\/product"}],"wp:featuredmedia":[{"embeddable":true,"href":"https:\/\/tdbeer.ee\/et\/wp-json\/wp\/v2\/media\/15784"}],"wp:attachment":[{"href":"https:\/\/tdbeer.ee\/et\/wp-json\/wp\/v2\/media?parent=14125"}],"wp:term":[{"taxonomy":"product_cat","embeddable":true,"href":"https:\/\/tdbeer.ee\/et\/wp-json\/wp\/v2\/product_cat?post=14125"},{"taxonomy":"product_tag","embeddable":true,"href":"https:\/\/tdbeer.ee\/et\/wp-json\/wp\/v2\/product_tag?post=14125"}],"curies":[{"name":"wp","href":"https:\/\/api.w.org\/{rel}","templated":true}]}}