{"id":14134,"date":"2023-09-29T18:41:51","date_gmt":"2023-09-29T18:41:51","guid":{"rendered":""},"modified":"2025-09-30T13:49:19","modified_gmt":"2025-09-30T11:49:19","slug":"cherry-vodka-likier-250ml","status":"publish","type":"product","link":"https:\/\/tdbeer.ee\/et\/p\/cherry-vodka-likier-250ml\/","title":{"rendered":"Cherry Vodka 250ml"},"content":{"rendered":"<p><span style=\"font-size: 14px;\">Aroomile on iseloomulik iseloomulik kirsimaitse, mis \u00fchendab mahlase puuviljase magususe peene hapukusega. Esile tuleb kirsiliha intensiivne ja loomulik noot, mis koos puuvilja kergelt hapuka koorega loob ideaalselt tasakaalustatud koostise. Maitse on t\u00e4idlane ja intensiivne, kuid samas v\u00e4rske, muutes joogi v\u00e4ga v\u00e4rskendavaks.<\/span><\/p>\n<p><span style=\"font-size: 14px;\">250 ml \u2013 piisavalt essentsi umbes 7,5 liitri alkoholi jaoks<\/span><br \/>\n<span style=\"font-size: 14px;\">25 ml \u2013 750 ml pudeli jaoks<\/span><\/p>\n<p><span style=\"font-size: 14px;\">Juhend: Valage essents 750 ml pudelisse ja lisage peale 40% viina (v\u00f5i soovi korral 100%). Loksutage, laske 24 tundi seista ja see on valmis. Joogi pikem &#8220;marineerimine&#8221; tugevdab selle maitset.<\/span><\/p>","protected":false},"excerpt":{"rendered":"<h3><span style=\"font-size: 16px;\">Essents &#8220;Strands Essens Cherry Vodka 250ml&#8221;<\/span><\/h3>\n","protected":false},"featured_media":15783,"template":"","meta":[],"product_cat":[405,475],"product_tag":[],"_links":{"self":[{"href":"https:\/\/tdbeer.ee\/et\/wp-json\/wp\/v2\/product\/14134"}],"collection":[{"href":"https:\/\/tdbeer.ee\/et\/wp-json\/wp\/v2\/product"}],"about":[{"href":"https:\/\/tdbeer.ee\/et\/wp-json\/wp\/v2\/types\/product"}],"wp:featuredmedia":[{"embeddable":true,"href":"https:\/\/tdbeer.ee\/et\/wp-json\/wp\/v2\/media\/15783"}],"wp:attachment":[{"href":"https:\/\/tdbeer.ee\/et\/wp-json\/wp\/v2\/media?parent=14134"}],"wp:term":[{"taxonomy":"product_cat","embeddable":true,"href":"https:\/\/tdbeer.ee\/et\/wp-json\/wp\/v2\/product_cat?post=14134"},{"taxonomy":"product_tag","embeddable":true,"href":"https:\/\/tdbeer.ee\/et\/wp-json\/wp\/v2\/product_tag?post=14134"}],"curies":[{"name":"wp","href":"https:\/\/api.w.org\/{rel}","templated":true}]}}