{"id":14144,"date":"2023-09-29T18:41:52","date_gmt":"2023-09-29T18:41:52","guid":{"rendered":""},"modified":"2025-08-26T14:42:24","modified_gmt":"2025-08-26T12:42:24","slug":"superparm-coobra-rum-yeast","status":"publish","type":"product","link":"https:\/\/tdbeer.ee\/et\/p\/superparm-coobra-rum-yeast\/","title":{"rendered":"COOBRA RUM YEAST"},"content":{"rendered":"<p>Super P\u00e4rm<\/p>\n<p>Coobra Rum Yeast &#8211; rummip\u00e4rm on ainulaadne aromaatne p\u00e4rmit\u00fcvi, mida kasutavad paljud \u00f5lletehased \u00fcle maailma. Seda kasutatakse melassi ja rafineerimata roosuhkru v\u00f5i melassi ja gl\u00fckoosi k\u00e4\u00e4ritamiseks.<\/p>\n<p>Segada 6-7 kg suhkrut kuumas vees ja lisa k\u00e4\u00e4ritusn\u00f5usse sooja vett kuni 25l t\u00e4itumiseni et segu j\u00e4\u00e4ks 25 kraadini. Lisa p\u00e4rm ja sega.<\/p>","protected":false},"excerpt":{"rendered":"<h3><span style=\"font-size: 16px;\">Superp\u00e4rm COOBRA RUM YEAST<\/span><\/h3>\n<p>&nbsp;<\/p>\n","protected":false},"featured_media":14145,"template":"","meta":[],"product_cat":[405,533],"product_tag":[],"_links":{"self":[{"href":"https:\/\/tdbeer.ee\/et\/wp-json\/wp\/v2\/product\/14144"}],"collection":[{"href":"https:\/\/tdbeer.ee\/et\/wp-json\/wp\/v2\/product"}],"about":[{"href":"https:\/\/tdbeer.ee\/et\/wp-json\/wp\/v2\/types\/product"}],"wp:featuredmedia":[{"embeddable":true,"href":"https:\/\/tdbeer.ee\/et\/wp-json\/wp\/v2\/media\/14145"}],"wp:attachment":[{"href":"https:\/\/tdbeer.ee\/et\/wp-json\/wp\/v2\/media?parent=14144"}],"wp:term":[{"taxonomy":"product_cat","embeddable":true,"href":"https:\/\/tdbeer.ee\/et\/wp-json\/wp\/v2\/product_cat?post=14144"},{"taxonomy":"product_tag","embeddable":true,"href":"https:\/\/tdbeer.ee\/et\/wp-json\/wp\/v2\/product_tag?post=14144"}],"curies":[{"name":"wp","href":"https:\/\/api.w.org\/{rel}","templated":true}]}}