{"id":14185,"date":"2023-09-29T18:41:54","date_gmt":"2023-09-29T18:41:54","guid":{"rendered":""},"modified":"2025-08-22T14:41:53","modified_gmt":"2025-08-22T12:41:53","slug":"aktiivsusi-storms-1-7l-kookose","status":"publish","type":"product","link":"https:\/\/tdbeer.ee\/et\/p\/aktiivsusi-storms-1-7l-kookose\/","title":{"rendered":"Aktiivs\u00fcsi Storms 1,7L (kookose)"},"content":{"rendered":"<p><span style=\"font-size: 14px;\">Aktiivs\u00fcsi Storms on \u00fcks parimaid ja t\u00f5estatud tooteid kodus valmistatud destillaatide puhastamiseks. Aktiivs\u00fcsi Storms eemaldab t\u00f5husalt ebameeldiva maitse ja l\u00f5hna eest vastutavad ained.<\/span><\/p>","protected":false},"excerpt":{"rendered":"<h3><span style=\"font-size: 16px;\">Aktiivs\u00fcsi Storms 1,7L (kookose)<\/span><\/h3>\n<p>&nbsp;<\/p>\n","protected":false},"featured_media":14186,"template":"","meta":[],"product_cat":[405,535],"product_tag":[],"_links":{"self":[{"href":"https:\/\/tdbeer.ee\/et\/wp-json\/wp\/v2\/product\/14185"}],"collection":[{"href":"https:\/\/tdbeer.ee\/et\/wp-json\/wp\/v2\/product"}],"about":[{"href":"https:\/\/tdbeer.ee\/et\/wp-json\/wp\/v2\/types\/product"}],"wp:featuredmedia":[{"embeddable":true,"href":"https:\/\/tdbeer.ee\/et\/wp-json\/wp\/v2\/media\/14186"}],"wp:attachment":[{"href":"https:\/\/tdbeer.ee\/et\/wp-json\/wp\/v2\/media?parent=14185"}],"wp:term":[{"taxonomy":"product_cat","embeddable":true,"href":"https:\/\/tdbeer.ee\/et\/wp-json\/wp\/v2\/product_cat?post=14185"},{"taxonomy":"product_tag","embeddable":true,"href":"https:\/\/tdbeer.ee\/et\/wp-json\/wp\/v2\/product_tag?post=14185"}],"curies":[{"name":"wp","href":"https:\/\/api.w.org\/{rel}","templated":true}]}}