{"id":14189,"date":"2023-09-29T18:41:55","date_gmt":"2023-09-29T18:41:55","guid":{"rendered":""},"modified":"2025-09-30T12:26:56","modified_gmt":"2025-09-30T10:26:56","slug":"jamaica-rum-dark-essence-250-ml","status":"publish","type":"product","link":"https:\/\/tdbeer.ee\/et\/p\/jamaica-rum-dark-essence-250-ml\/","title":{"rendered":"Jamaica Rum Dark 250ml"},"content":{"rendered":"<p><span style=\"font-size: 14px;\">Jamaica on \u201ekapteni\u201c rumm, millel on t\u00f5eliselt s\u00fcgav maitse ja tume v\u00e4rvus. Valmistatud Jamaicalt, Barbadoselt ja Guyanalt p\u00e4rit alembikutes ja destillatsioonikolonnides saadud destillaatide kombineerimisel. See laagerdub t\u00fcnnides, kuni see on joomiseks sobiv.<\/span><\/p>\n<p><span style=\"font-size: 14px;\">Klassikalise tumeda rummi maitse.<\/span><\/p>\n<p><span style=\"font-size: 14px;\">Vala 25 ml essentsi 750 ml puhta viina pudelisse. Sega hoolikalt. Lase 24 tundi seista.<\/span><\/p>","protected":false},"excerpt":{"rendered":"<h3><span style=\"font-size: 16px;\">Essents &#8220;Strands Essens Jamaica Rum Dark 250ml&#8221;<\/span><\/h3>\n","protected":false},"featured_media":15789,"template":"","meta":[],"product_cat":[405,475],"product_tag":[],"_links":{"self":[{"href":"https:\/\/tdbeer.ee\/et\/wp-json\/wp\/v2\/product\/14189"}],"collection":[{"href":"https:\/\/tdbeer.ee\/et\/wp-json\/wp\/v2\/product"}],"about":[{"href":"https:\/\/tdbeer.ee\/et\/wp-json\/wp\/v2\/types\/product"}],"wp:featuredmedia":[{"embeddable":true,"href":"https:\/\/tdbeer.ee\/et\/wp-json\/wp\/v2\/media\/15789"}],"wp:attachment":[{"href":"https:\/\/tdbeer.ee\/et\/wp-json\/wp\/v2\/media?parent=14189"}],"wp:term":[{"taxonomy":"product_cat","embeddable":true,"href":"https:\/\/tdbeer.ee\/et\/wp-json\/wp\/v2\/product_cat?post=14189"},{"taxonomy":"product_tag","embeddable":true,"href":"https:\/\/tdbeer.ee\/et\/wp-json\/wp\/v2\/product_tag?post=14189"}],"curies":[{"name":"wp","href":"https:\/\/api.w.org\/{rel}","templated":true}]}}