{"id":14191,"date":"2023-09-29T18:41:55","date_gmt":"2023-09-29T18:41:55","guid":{"rendered":""},"modified":"2025-08-23T11:59:41","modified_gmt":"2025-08-23T09:59:41","slug":"cognac-mild-fransk-essence-250-ml","status":"publish","type":"product","link":"https:\/\/tdbeer.ee\/et\/p\/cognac-mild-fransk-essence-250-ml\/","title":{"rendered":"Cognac Mild Fransk 250ml"},"content":{"rendered":"<p><span style=\"font-size: 14px;\">Essentsid on viimaste k\u00fcmnete aastate jooksul saavutanud m\u00e4rkimisv\u00e4\u00e4rse positsiooni t\u00f6\u00f6stuses ja kodutarbijate hulgas. Toorained on hoolikalt valitud ja parima kvaliteediga ning l\u00f5pptulemus on saadud p\u00e4rast mitmeid katseid. K\u00f5ik maitsed on p\u00e4rit looduslikest<\/span><br \/>\n<span style=\"font-size: 14px;\">maitsetaimedest, puuviljadest ja v\u00fcrtsidest ning segatud naturaalsete \u00f5lidega. Tootjate eesm\u00e4rk on toota essentse v\u00f5imalikult ligil\u00e4hedaste maitseomadustega originaalile. Siin on uskumatu hulk maitseid, nii et iga\u00fcks v\u00f5ib leida omale sobiva.Kui valite meie poolt m\u00fc\u00fcdud essentsi v\u00f5ite olla kindel, et saate parima toote. Segage ja nautige. Pudelikesest piisab 7,5 l 40%-le alkoholile<\/span><\/p>","protected":false},"excerpt":{"rendered":"<h3><span style=\"font-size: 16px;\">Essents &#8220;Strands Essens Cognac Mild Fransk 250ml&#8221;<\/span><\/h3>\n","protected":false},"featured_media":15786,"template":"","meta":[],"product_cat":[405,475],"product_tag":[],"_links":{"self":[{"href":"https:\/\/tdbeer.ee\/et\/wp-json\/wp\/v2\/product\/14191"}],"collection":[{"href":"https:\/\/tdbeer.ee\/et\/wp-json\/wp\/v2\/product"}],"about":[{"href":"https:\/\/tdbeer.ee\/et\/wp-json\/wp\/v2\/types\/product"}],"wp:featuredmedia":[{"embeddable":true,"href":"https:\/\/tdbeer.ee\/et\/wp-json\/wp\/v2\/media\/15786"}],"wp:attachment":[{"href":"https:\/\/tdbeer.ee\/et\/wp-json\/wp\/v2\/media?parent=14191"}],"wp:term":[{"taxonomy":"product_cat","embeddable":true,"href":"https:\/\/tdbeer.ee\/et\/wp-json\/wp\/v2\/product_cat?post=14191"},{"taxonomy":"product_tag","embeddable":true,"href":"https:\/\/tdbeer.ee\/et\/wp-json\/wp\/v2\/product_tag?post=14191"}],"curies":[{"name":"wp","href":"https:\/\/api.w.org\/{rel}","templated":true}]}}