{"id":14225,"date":"2023-09-29T18:41:57","date_gmt":"2023-09-29T18:41:57","guid":{"rendered":""},"modified":"2025-08-23T12:35:23","modified_gmt":"2025-08-23T10:35:23","slug":"sidruniviin-likoor-250ml","status":"publish","type":"product","link":"https:\/\/tdbeer.ee\/et\/p\/sidruniviin-likoor-250ml\/","title":{"rendered":"Sweet Lemon Vodka 250ml"},"content":{"rendered":"<p><span style=\"font-size: 14px;\">MAGUS SIDRUNI essents. Ebatavaline aroom, mis suudab r\u00f5\u00f5mustada ka k\u00f5ige n\u00f5udlikumaid maitsemeeli.<\/span><br \/>\n<span style=\"font-size: 14px;\">Vala 25 ml essentsi 750 ml pudelisse ja lisa 150 g suhkrut. Lisa 40% viina. Sega hoolikalt l\u00e4bi. Lase 24 tundi t\u00f5mmata.<\/span><\/p>","protected":false},"excerpt":{"rendered":"<h3><span style=\"font-size: 16px;\">Essents &#8220;Sweet Lemon Vodka 250ml&#8221;<\/span><\/h3>\n","protected":false},"featured_media":15792,"template":"","meta":[],"product_cat":[405,475],"product_tag":[],"_links":{"self":[{"href":"https:\/\/tdbeer.ee\/et\/wp-json\/wp\/v2\/product\/14225"}],"collection":[{"href":"https:\/\/tdbeer.ee\/et\/wp-json\/wp\/v2\/product"}],"about":[{"href":"https:\/\/tdbeer.ee\/et\/wp-json\/wp\/v2\/types\/product"}],"wp:featuredmedia":[{"embeddable":true,"href":"https:\/\/tdbeer.ee\/et\/wp-json\/wp\/v2\/media\/15792"}],"wp:attachment":[{"href":"https:\/\/tdbeer.ee\/et\/wp-json\/wp\/v2\/media?parent=14225"}],"wp:term":[{"taxonomy":"product_cat","embeddable":true,"href":"https:\/\/tdbeer.ee\/et\/wp-json\/wp\/v2\/product_cat?post=14225"},{"taxonomy":"product_tag","embeddable":true,"href":"https:\/\/tdbeer.ee\/et\/wp-json\/wp\/v2\/product_tag?post=14225"}],"curies":[{"name":"wp","href":"https:\/\/api.w.org\/{rel}","templated":true}]}}