{"id":14260,"date":"2023-09-29T18:42:00","date_gmt":"2023-09-29T18:42:00","guid":{"rendered":""},"modified":"2025-08-28T14:24:14","modified_gmt":"2025-08-28T12:24:14","slug":"vorstikeste-seade-taitmiseks-3kg","status":"publish","type":"product","link":"https:\/\/tdbeer.ee\/et\/p\/vorstikeste-seade-taitmiseks-3kg\/","title":{"rendered":"Vorstikeste seade t\u00e4itmiseks 3kg (horisontaalne)"},"content":{"rendered":"<p><span style=\"font-size: 14px;\">Vorstit\u00e4itja on m\u00f5eldud vorstide, hot dogide ja viinerite kesta hakklihaga t\u00e4itmiseks. Kest t\u00e4idetakse seadme silindris oleva kolvi liikumisega.<\/span><\/p>","protected":false},"excerpt":{"rendered":"<h3 class=\"ytp-copytext ytp-no-contextmenu\"><span style=\"font-size: 16px;\">Vorstikeste seade t\u00e4itmiseks 3kg <span class=\"HwtZe\" lang=\"et\"><span class=\"jCAhz ChMk0b\"><span class=\"ryNqvb\">(horisontaalne)<\/span><\/span><\/span><\/span><\/h3>\n","protected":false},"featured_media":14261,"template":"","meta":[],"product_cat":[603],"product_tag":[],"_links":{"self":[{"href":"https:\/\/tdbeer.ee\/et\/wp-json\/wp\/v2\/product\/14260"}],"collection":[{"href":"https:\/\/tdbeer.ee\/et\/wp-json\/wp\/v2\/product"}],"about":[{"href":"https:\/\/tdbeer.ee\/et\/wp-json\/wp\/v2\/types\/product"}],"wp:featuredmedia":[{"embeddable":true,"href":"https:\/\/tdbeer.ee\/et\/wp-json\/wp\/v2\/media\/14261"}],"wp:attachment":[{"href":"https:\/\/tdbeer.ee\/et\/wp-json\/wp\/v2\/media?parent=14260"}],"wp:term":[{"taxonomy":"product_cat","embeddable":true,"href":"https:\/\/tdbeer.ee\/et\/wp-json\/wp\/v2\/product_cat?post=14260"},{"taxonomy":"product_tag","embeddable":true,"href":"https:\/\/tdbeer.ee\/et\/wp-json\/wp\/v2\/product_tag?post=14260"}],"curies":[{"name":"wp","href":"https:\/\/api.w.org\/{rel}","templated":true}]}}