{"id":14262,"date":"2023-09-29T18:42:00","date_gmt":"2023-09-29T18:42:00","guid":{"rendered":""},"modified":"2025-08-28T14:21:52","modified_gmt":"2025-08-28T12:21:52","slug":"vorstikeste-seade-taitmiseks-3kg1","status":"publish","type":"product","link":"https:\/\/tdbeer.ee\/et\/p\/vorstikeste-seade-taitmiseks-3kg1\/","title":{"rendered":"Vorstikeste seade t\u00e4itmiseks 3kg (Vertikaalne)"},"content":{"rendered":"<p><span style=\"font-size: 14px;\">Vorstit\u00e4itmiseks m\u00f5eldud k\u00e4sitsi s\u00fcstal \u2013 lihtne hooldus teeb sellest ideaalse t\u00f6\u00f6riista lihatoodete koduseks tootmiseks.<\/span><br \/>\n<span style=\"font-size: 14px;\">Sobib ideaalselt ka lihat\u00f6\u00f6tlemisettev\u00f5tetele ja toitlustusettev\u00f5tetele.<\/span><br \/>\n<span style=\"font-size: 14px;\">T\u00e4nu sellele saate vorstikestasid lihtsalt ja kiiresti t\u00e4idisega t\u00e4ita.<\/span><\/p>","protected":false},"excerpt":{"rendered":"<h3 class=\"ytp-copytext ytp-no-contextmenu\"><span style=\"font-size: 16px;\">Vorstikeste seade t\u00e4itmiseks 3kg<\/span><\/h3>\n","protected":false},"featured_media":14263,"template":"","meta":[],"product_cat":[603],"product_tag":[],"_links":{"self":[{"href":"https:\/\/tdbeer.ee\/et\/wp-json\/wp\/v2\/product\/14262"}],"collection":[{"href":"https:\/\/tdbeer.ee\/et\/wp-json\/wp\/v2\/product"}],"about":[{"href":"https:\/\/tdbeer.ee\/et\/wp-json\/wp\/v2\/types\/product"}],"wp:featuredmedia":[{"embeddable":true,"href":"https:\/\/tdbeer.ee\/et\/wp-json\/wp\/v2\/media\/14263"}],"wp:attachment":[{"href":"https:\/\/tdbeer.ee\/et\/wp-json\/wp\/v2\/media?parent=14262"}],"wp:term":[{"taxonomy":"product_cat","embeddable":true,"href":"https:\/\/tdbeer.ee\/et\/wp-json\/wp\/v2\/product_cat?post=14262"},{"taxonomy":"product_tag","embeddable":true,"href":"https:\/\/tdbeer.ee\/et\/wp-json\/wp\/v2\/product_tag?post=14262"}],"curies":[{"name":"wp","href":"https:\/\/api.w.org\/{rel}","templated":true}]}}