{"id":14275,"date":"2023-09-29T18:42:01","date_gmt":"2023-09-29T18:42:01","guid":{"rendered":""},"modified":"2025-08-21T13:37:16","modified_gmt":"2025-08-21T11:37:16","slug":"coobra-megapack-390g-100l-18","status":"publish","type":"product","link":"https:\/\/tdbeer.ee\/et\/p\/coobra-megapack-390g-100l-18\/","title":{"rendered":"Coobra Mega Pack"},"content":{"rendered":"<p><span style=\"font-size: 14px;\">Pakend sisaldab 390 grammi p\u00e4rmi, millest piisab 100 liitri virde jaoks, alkoholisisaldusega kuni 18%. K\u00e4\u00e4rimisaeg s\u00f5ltub erinevatest teguritest: temperatuurist, r\u00f5hust, virde koostisest jne. Ligikaudne aeg on 5 kuni 8 p\u00e4eva.<\/span><\/p>\n<p><span style=\"font-size: 14px;\">Optimaalne k\u00e4\u00e4rimistemperatuur: 22\u201328 \u00b0C.<\/span><\/p>","protected":false},"excerpt":{"rendered":"<h3><span style=\"font-size: 16px;\">Turbo P\u00e4rm <strong>&#8220;Coobra Mega Pack&#8221;<\/strong><\/span><\/h3>\n","protected":false},"featured_media":15757,"template":"","meta":[],"product_cat":[405,533],"product_tag":[],"_links":{"self":[{"href":"https:\/\/tdbeer.ee\/et\/wp-json\/wp\/v2\/product\/14275"}],"collection":[{"href":"https:\/\/tdbeer.ee\/et\/wp-json\/wp\/v2\/product"}],"about":[{"href":"https:\/\/tdbeer.ee\/et\/wp-json\/wp\/v2\/types\/product"}],"wp:featuredmedia":[{"embeddable":true,"href":"https:\/\/tdbeer.ee\/et\/wp-json\/wp\/v2\/media\/15757"}],"wp:attachment":[{"href":"https:\/\/tdbeer.ee\/et\/wp-json\/wp\/v2\/media?parent=14275"}],"wp:term":[{"taxonomy":"product_cat","embeddable":true,"href":"https:\/\/tdbeer.ee\/et\/wp-json\/wp\/v2\/product_cat?post=14275"},{"taxonomy":"product_tag","embeddable":true,"href":"https:\/\/tdbeer.ee\/et\/wp-json\/wp\/v2\/product_tag?post=14275"}],"curies":[{"name":"wp","href":"https:\/\/api.w.org\/{rel}","templated":true}]}}