{"id":14277,"date":"2023-09-29T18:42:01","date_gmt":"2023-09-29T18:42:01","guid":{"rendered":""},"modified":"2025-08-25T11:12:45","modified_gmt":"2025-08-25T09:12:45","slug":"aktiivne-meeparm-coobra-10gr","status":"publish","type":"product","link":"https:\/\/tdbeer.ee\/et\/p\/aktiivne-meeparm-coobra-10gr\/","title":{"rendered":"Aktiivne meep\u00e4rm Coobra"},"content":{"rendered":"<p><span style=\"font-size: 14px;\">Spetsiaalselt kuivatatud m\u00f5dup\u00e4rm puhta m\u00f5du saamiseks, milles on v\u00e4he v\u00f5i \u00fcldse mitte estreid. Kuni 25 liitri veini jaoks. Parim k\u00e4\u00e4rimistemperatuur on 22\u201325 \u00b0C, maksimaalselt 27 \u00b0C. Parima tulemuse saavutamiseks lahustage p\u00e4rm 3 dl umbes 22\u201325 \u00b0C vees ja laske umbes 30 minutit t\u00f5mmata. Seej\u00e4rel valatakse p\u00e4rm ettevaatlikult veinivirre \u2013 j\u00e4tke pind puutumata. P\u00e4rm peaks k\u00e4ivituma umbes 10 tunni p\u00e4rast. P\u00e4rm h\u00e4vib temperatuuril veidi \u00fcle 30 \u00b0C. Hoida jahedas kohas.<\/span><\/p>","protected":false},"excerpt":{"rendered":"<h3><span style=\"font-size: 16px;\">Aktiivne meep\u00e4rm &#8220;Coobra&#8221; (10g)<\/span><\/h3>\n","protected":false},"featured_media":14278,"template":"","meta":[],"product_cat":[370,427,366,573,405,533],"product_tag":[],"_links":{"self":[{"href":"https:\/\/tdbeer.ee\/et\/wp-json\/wp\/v2\/product\/14277"}],"collection":[{"href":"https:\/\/tdbeer.ee\/et\/wp-json\/wp\/v2\/product"}],"about":[{"href":"https:\/\/tdbeer.ee\/et\/wp-json\/wp\/v2\/types\/product"}],"wp:featuredmedia":[{"embeddable":true,"href":"https:\/\/tdbeer.ee\/et\/wp-json\/wp\/v2\/media\/14278"}],"wp:attachment":[{"href":"https:\/\/tdbeer.ee\/et\/wp-json\/wp\/v2\/media?parent=14277"}],"wp:term":[{"taxonomy":"product_cat","embeddable":true,"href":"https:\/\/tdbeer.ee\/et\/wp-json\/wp\/v2\/product_cat?post=14277"},{"taxonomy":"product_tag","embeddable":true,"href":"https:\/\/tdbeer.ee\/et\/wp-json\/wp\/v2\/product_tag?post=14277"}],"curies":[{"name":"wp","href":"https:\/\/api.w.org\/{rel}","templated":true}]}}