{"id":14279,"date":"2023-09-29T18:42:01","date_gmt":"2023-09-29T18:42:01","guid":{"rendered":""},"modified":"2025-08-25T11:43:01","modified_gmt":"2025-08-25T09:43:01","slug":"iiri-sammal-10gr","status":"publish","type":"product","link":"https:\/\/tdbeer.ee\/et\/p\/iiri-sammal-10gr\/","title":{"rendered":"Iiri sammal 10gr"},"content":{"rendered":"<p><span style=\"font-size: 14px;\">Iiri sammal on looduslik vahend kuuma \u00f5lle selitamiseks. Seda saadakse Iirimaa ranniku l\u00e4hedal leiduvatest mere punavetikatest. Kui seda lisada viimasele 10\u201315 minutile \u00f5llepruulimist (st humaldamist), sadestab see virdes leiduvaid valke, mis v\u00e4hendab \u00f5lle h\u00e4gusust.<\/span><\/p>","protected":false},"excerpt":{"rendered":"<h3><span style=\"font-size: 16px;\">Iiri sammal 10gr<\/span><\/h3>\n<p>&nbsp;<\/p>\n","protected":false},"featured_media":14280,"template":"","meta":[],"product_cat":[370,373,443,405,477,444,442],"product_tag":[],"_links":{"self":[{"href":"https:\/\/tdbeer.ee\/et\/wp-json\/wp\/v2\/product\/14279"}],"collection":[{"href":"https:\/\/tdbeer.ee\/et\/wp-json\/wp\/v2\/product"}],"about":[{"href":"https:\/\/tdbeer.ee\/et\/wp-json\/wp\/v2\/types\/product"}],"wp:featuredmedia":[{"embeddable":true,"href":"https:\/\/tdbeer.ee\/et\/wp-json\/wp\/v2\/media\/14280"}],"wp:attachment":[{"href":"https:\/\/tdbeer.ee\/et\/wp-json\/wp\/v2\/media?parent=14279"}],"wp:term":[{"taxonomy":"product_cat","embeddable":true,"href":"https:\/\/tdbeer.ee\/et\/wp-json\/wp\/v2\/product_cat?post=14279"},{"taxonomy":"product_tag","embeddable":true,"href":"https:\/\/tdbeer.ee\/et\/wp-json\/wp\/v2\/product_tag?post=14279"}],"curies":[{"name":"wp","href":"https:\/\/api.w.org\/{rel}","templated":true}]}}