{"id":14283,"date":"2023-09-29T18:42:02","date_gmt":"2023-09-29T18:42:02","guid":{"rendered":""},"modified":"2025-08-26T14:32:31","modified_gmt":"2025-08-26T12:32:31","slug":"aktiivne-parm-coobra-cider","status":"publish","type":"product","link":"https:\/\/tdbeer.ee\/et\/p\/aktiivne-parm-coobra-cider\/","title":{"rendered":"Aktiivne p\u00e4rm COOBRA CIDER"},"content":{"rendered":"<p><span class=\"short_text\" lang=\"et\" style=\"font-size: 14px;\" xml:lang=\"et\"><span lang=\"et\" xml:lang=\"et\">Prantsuse p\u00e4rm, mis on aktiivne CYDRU Saccharomyces Cervisie valmistamiseks, mis on ette n\u00e4htud sidrite ja vahuveinide k\u00e4\u00e4ritamiseks 25-30 liitri veini jaoks.<\/span><\/span><\/p>","protected":false},"excerpt":{"rendered":"<h3><span id=\"result_box\" class=\"short_text\" lang=\"et\" style=\"font-size: 16px;\" xml:lang=\"et\">Aktiivne p\u00e4rm COOBRA CIDER<\/span><\/h3>\n<p>&nbsp;<\/p>\n","protected":false},"featured_media":14284,"template":"","meta":[],"product_cat":[370,412,427,366,612,573,405,533],"product_tag":[],"_links":{"self":[{"href":"https:\/\/tdbeer.ee\/et\/wp-json\/wp\/v2\/product\/14283"}],"collection":[{"href":"https:\/\/tdbeer.ee\/et\/wp-json\/wp\/v2\/product"}],"about":[{"href":"https:\/\/tdbeer.ee\/et\/wp-json\/wp\/v2\/types\/product"}],"wp:featuredmedia":[{"embeddable":true,"href":"https:\/\/tdbeer.ee\/et\/wp-json\/wp\/v2\/media\/14284"}],"wp:attachment":[{"href":"https:\/\/tdbeer.ee\/et\/wp-json\/wp\/v2\/media?parent=14283"}],"wp:term":[{"taxonomy":"product_cat","embeddable":true,"href":"https:\/\/tdbeer.ee\/et\/wp-json\/wp\/v2\/product_cat?post=14283"},{"taxonomy":"product_tag","embeddable":true,"href":"https:\/\/tdbeer.ee\/et\/wp-json\/wp\/v2\/product_tag?post=14283"}],"curies":[{"name":"wp","href":"https:\/\/api.w.org\/{rel}","templated":true}]}}