{"id":14291,"date":"2023-09-29T18:42:03","date_gmt":"2023-09-29T18:42:03","guid":{"rendered":""},"modified":"2025-08-22T14:28:23","modified_gmt":"2025-08-22T12:28:23","slug":"granucol-ge-50g","status":"publish","type":"product","link":"https:\/\/tdbeer.ee\/et\/p\/granucol-ge-50g\/","title":{"rendered":"Granucol Ge (50g)"},"content":{"rendered":"<p><span style=\"font-size: 14px;\">GRANUCOL on v\u00e4ga efektiivne adsorbent jookide maitse ja aroomi \u00fchtlustamiseks. Toode on granuleeritud ja moodustab kergesti suspensiooni, mis muudab selle kasutamise lihtsaks ja mugavaks. GRANUCOL on v\u00e4ga ihaldusv\u00e4\u00e4rne \u00f6koloogiline toode jookide \u00fchtlustamiseks.<\/span><\/p>","protected":false},"excerpt":{"rendered":"<div class=\"short-description\">\n<h3><span style=\"font-size: 16px;\">Granucol Ge (50gr)<\/span><\/h3>\n<p>&nbsp;<\/p>\n<\/div>\n","protected":false},"featured_media":14292,"template":"","meta":[],"product_cat":[405,536,535],"product_tag":[],"_links":{"self":[{"href":"https:\/\/tdbeer.ee\/et\/wp-json\/wp\/v2\/product\/14291"}],"collection":[{"href":"https:\/\/tdbeer.ee\/et\/wp-json\/wp\/v2\/product"}],"about":[{"href":"https:\/\/tdbeer.ee\/et\/wp-json\/wp\/v2\/types\/product"}],"wp:featuredmedia":[{"embeddable":true,"href":"https:\/\/tdbeer.ee\/et\/wp-json\/wp\/v2\/media\/14292"}],"wp:attachment":[{"href":"https:\/\/tdbeer.ee\/et\/wp-json\/wp\/v2\/media?parent=14291"}],"wp:term":[{"taxonomy":"product_cat","embeddable":true,"href":"https:\/\/tdbeer.ee\/et\/wp-json\/wp\/v2\/product_cat?post=14291"},{"taxonomy":"product_tag","embeddable":true,"href":"https:\/\/tdbeer.ee\/et\/wp-json\/wp\/v2\/product_tag?post=14291"}],"curies":[{"name":"wp","href":"https:\/\/api.w.org\/{rel}","templated":true}]}}