{"id":14294,"date":"2023-09-29T18:42:03","date_gmt":"2023-09-29T18:42:03","guid":{"rendered":""},"modified":"2025-08-22T17:03:42","modified_gmt":"2025-08-22T15:03:42","slug":"kaaritusnou-33l-kaanega","status":"publish","type":"product","link":"https:\/\/tdbeer.ee\/et\/p\/kaaritusnou-33l-kaanega\/","title":{"rendered":"K\u00e4\u00e4rituspaak 33l"},"content":{"rendered":"<p><span id=\"result_box\" lang=\"et\" style=\"font-size: 14px;\" xml:lang=\"et\">Konteineril ei ole kaane fermentatsioonitoru auk.<\/span><\/p>\n<p><span lang=\"et\" style=\"font-size: 14px;\" xml:lang=\"et\">Fermentatsioonikonteinerid sobivad ideaalselt puuviljaveinide, meadide ja \u00f5lle k\u00e4\u00e4ritamiseks. P\u00e4rast k\u00e4\u00e4rimist on neid kergesti pesta ja steriliseerida, need on ideaalsed puuviljade fermenteerimiseks viljalihasse.<\/span><\/p>","protected":false},"excerpt":{"rendered":"<h3><span style=\"font-size: 16px;\">K\u00e4\u00e4rituspaak 33l (kaanega)<\/span><\/h3>\n","protected":false},"featured_media":14295,"template":"","meta":[],"product_cat":[405,368,421,423,422],"product_tag":[],"_links":{"self":[{"href":"https:\/\/tdbeer.ee\/et\/wp-json\/wp\/v2\/product\/14294"}],"collection":[{"href":"https:\/\/tdbeer.ee\/et\/wp-json\/wp\/v2\/product"}],"about":[{"href":"https:\/\/tdbeer.ee\/et\/wp-json\/wp\/v2\/types\/product"}],"wp:featuredmedia":[{"embeddable":true,"href":"https:\/\/tdbeer.ee\/et\/wp-json\/wp\/v2\/media\/14295"}],"wp:attachment":[{"href":"https:\/\/tdbeer.ee\/et\/wp-json\/wp\/v2\/media?parent=14294"}],"wp:term":[{"taxonomy":"product_cat","embeddable":true,"href":"https:\/\/tdbeer.ee\/et\/wp-json\/wp\/v2\/product_cat?post=14294"},{"taxonomy":"product_tag","embeddable":true,"href":"https:\/\/tdbeer.ee\/et\/wp-json\/wp\/v2\/product_tag?post=14294"}],"curies":[{"name":"wp","href":"https:\/\/api.w.org\/{rel}","templated":true}]}}