{"id":14296,"date":"2023-09-29T18:42:04","date_gmt":"2023-09-29T18:42:04","guid":{"rendered":""},"modified":"2025-08-26T12:30:39","modified_gmt":"2025-08-26T10:30:39","slug":"tammevaat-3l-6-tamme-klaasid-komplekt","status":"publish","type":"product","link":"https:\/\/tdbeer.ee\/et\/p\/tammevaat-3l-6-tamme-klaasid-komplekt\/","title":{"rendered":"3 liitrit tammevaati + 6 klaasi tamme"},"content":{"rendered":"<p><span style=\"font-size: 14px;\">Mahutavus (liitrit) 3 liitrit<\/span><br \/>\n<span style=\"font-size: 14px;\">Lati paksus 2,3 cm<\/span><br \/>\n<span style=\"font-size: 14px;\">P\u00e4ise l\u00e4bim\u00f5\u00f5t 18 cm<\/span><br \/>\n<span style=\"font-size: 14px;\">Keskmise osa l\u00e4bim\u00f5\u00f5t 20 cm<\/span><br \/>\n<span style=\"font-size: 14px;\">Vaadi pikkus 23,5 cm<\/span><br \/>\n<span style=\"font-size: 14px;\">Kaal (kg) 3 kg<\/span><br \/>\n<span style=\"font-size: 14px;\">R\u00f5nga t\u00fc\u00fcp must teras<\/span><\/p>","protected":false},"excerpt":{"rendered":"<h3><span style=\"font-size: 16px;\">Tammevaat 3L\u00a0 + 6 tamme klaasid (komplekt)<\/span><\/h3>\n","protected":false},"featured_media":14297,"template":"","meta":[],"product_cat":[368,447,519,448,417],"product_tag":[],"_links":{"self":[{"href":"https:\/\/tdbeer.ee\/et\/wp-json\/wp\/v2\/product\/14296"}],"collection":[{"href":"https:\/\/tdbeer.ee\/et\/wp-json\/wp\/v2\/product"}],"about":[{"href":"https:\/\/tdbeer.ee\/et\/wp-json\/wp\/v2\/types\/product"}],"wp:featuredmedia":[{"embeddable":true,"href":"https:\/\/tdbeer.ee\/et\/wp-json\/wp\/v2\/media\/14297"}],"wp:attachment":[{"href":"https:\/\/tdbeer.ee\/et\/wp-json\/wp\/v2\/media?parent=14296"}],"wp:term":[{"taxonomy":"product_cat","embeddable":true,"href":"https:\/\/tdbeer.ee\/et\/wp-json\/wp\/v2\/product_cat?post=14296"},{"taxonomy":"product_tag","embeddable":true,"href":"https:\/\/tdbeer.ee\/et\/wp-json\/wp\/v2\/product_tag?post=14296"}],"curies":[{"name":"wp","href":"https:\/\/api.w.org\/{rel}","templated":true}]}}