{"id":14319,"date":"2023-09-29T18:42:07","date_gmt":"2023-09-29T18:42:07","guid":{"rendered":""},"modified":"2025-08-26T11:28:33","modified_gmt":"2025-08-26T09:28:33","slug":"koogi-tammevaat-1-l","status":"publish","type":"product","link":"https:\/\/tdbeer.ee\/et\/p\/koogi-tammevaat-1-l\/","title":{"rendered":"Tammevaat lahtiste toodete jaoks, 1 liiter"},"content":{"rendered":"<p><span id=\"result_box\" lang=\"et\" style=\"font-size: 14px;\" xml:lang=\"et\">T\u00f6\u00f6tab toiduna &#8211; ideaalne t\u00fckkide, riisi, jahu, suhkru ja soola ladustamiseks. Sellises barrelis olevate toodete hoidmine tagab neile piisava niiskuse. T\u00e4iuslik kingitus t\u00f5elise koduperenaadi jaoks. See sobib suurep\u00e4raselt ka sisekujunduseks. Kliendi soovil saame teha kirja (jahu, sool jne).<\/span><\/p>","protected":false},"excerpt":{"rendered":"<h3><span style=\"font-size: 16px;\">Tammevaat lahtiste toodete jaoks, 1 liiter<\/span><\/h3>\n<p>&nbsp;<\/p>\n","protected":false},"featured_media":14320,"template":"","meta":[],"product_cat":[368,447,519,448],"product_tag":[],"_links":{"self":[{"href":"https:\/\/tdbeer.ee\/et\/wp-json\/wp\/v2\/product\/14319"}],"collection":[{"href":"https:\/\/tdbeer.ee\/et\/wp-json\/wp\/v2\/product"}],"about":[{"href":"https:\/\/tdbeer.ee\/et\/wp-json\/wp\/v2\/types\/product"}],"wp:featuredmedia":[{"embeddable":true,"href":"https:\/\/tdbeer.ee\/et\/wp-json\/wp\/v2\/media\/14320"}],"wp:attachment":[{"href":"https:\/\/tdbeer.ee\/et\/wp-json\/wp\/v2\/media?parent=14319"}],"wp:term":[{"taxonomy":"product_cat","embeddable":true,"href":"https:\/\/tdbeer.ee\/et\/wp-json\/wp\/v2\/product_cat?post=14319"},{"taxonomy":"product_tag","embeddable":true,"href":"https:\/\/tdbeer.ee\/et\/wp-json\/wp\/v2\/product_tag?post=14319"}],"curies":[{"name":"wp","href":"https:\/\/api.w.org\/{rel}","templated":true}]}}