{"id":14329,"date":"2023-09-29T18:42:08","date_gmt":"2023-09-29T18:42:08","guid":{"rendered":""},"modified":"2026-01-24T11:44:59","modified_gmt":"2026-01-24T09:44:59","slug":"barrel-for-bottles-for-23-bottles","status":"publish","type":"product","link":"https:\/\/tdbeer.ee\/et\/p\/barrel-for-bottles-for-23-bottles\/","title":{"rendered":"Pudelitele m\u00f5eldud t\u00fcnn (23 pudelit)"},"content":{"rendered":"<p><span style=\"font-size: 14px;\">VALMISTETUD AERUD TAMMIST Vaadist After WINE 225L<\/span><br \/>\n<span style=\"font-size: 14px;\">RIIULID 23 PUDELILE<\/span><br \/>\n<span style=\"font-size: 14px;\">K\u00f5rgus: 95 cm<\/span><br \/>\n<span style=\"font-size: 14px;\">\u00dclemine diameeter: 56 cm<\/span><br \/>\n<span style=\"font-size: 14px;\">L\u00e4bim\u00f5\u00f5t keskel: 70 cm<\/span><br \/>\n<span style=\"font-size: 14px;\">V\u00e4lisviimistlus: kergelt vallandati<\/span><br \/>\n<span style=\"font-size: 14px;\">Ratta v\u00e4rv: v\u00e4rvitud mustana<\/span><\/p>","protected":false},"excerpt":{"rendered":"<h3><span style=\"font-size: 16px;\">Pudelitele m\u00f5eldud t\u00fcnn (23 pudelit)<\/span><br \/>\n<span class=\"tlid-translation translation\" lang=\"en\"><span title=\"\"><br \/>\n<\/span><\/span><span class=\"tlid-translation translation\" lang=\"en\"><span title=\"\"><br \/>\n<\/span><\/span><\/h3>\n","protected":false},"featured_media":14330,"template":"","meta":[],"product_cat":[368,447,519,448,417],"product_tag":[],"_links":{"self":[{"href":"https:\/\/tdbeer.ee\/et\/wp-json\/wp\/v2\/product\/14329"}],"collection":[{"href":"https:\/\/tdbeer.ee\/et\/wp-json\/wp\/v2\/product"}],"about":[{"href":"https:\/\/tdbeer.ee\/et\/wp-json\/wp\/v2\/types\/product"}],"wp:featuredmedia":[{"embeddable":true,"href":"https:\/\/tdbeer.ee\/et\/wp-json\/wp\/v2\/media\/14330"}],"wp:attachment":[{"href":"https:\/\/tdbeer.ee\/et\/wp-json\/wp\/v2\/media?parent=14329"}],"wp:term":[{"taxonomy":"product_cat","embeddable":true,"href":"https:\/\/tdbeer.ee\/et\/wp-json\/wp\/v2\/product_cat?post=14329"},{"taxonomy":"product_tag","embeddable":true,"href":"https:\/\/tdbeer.ee\/et\/wp-json\/wp\/v2\/product_tag?post=14329"}],"curies":[{"name":"wp","href":"https:\/\/api.w.org\/{rel}","templated":true}]}}