{"id":14331,"date":"2023-09-29T18:42:08","date_gmt":"2023-09-29T18:42:08","guid":{"rendered":""},"modified":"2026-01-24T11:44:53","modified_gmt":"2026-01-24T09:44:53","slug":"barrel-bar","status":"publish","type":"product","link":"https:\/\/tdbeer.ee\/et\/p\/barrel-bar\/","title":{"rendered":"T\u00fcnn baari jaoks"},"content":{"rendered":"<p><span class=\"tlid-translation translation\" lang=\"en\" style=\"font-size: 14px;\"><span title=\"\">VALMISTATUD AERUGA T\u00d6\u00d6DELDUD TAMMEPUUST. 225L\u00a0<\/span><\/span><\/p>\n<p><span class=\"tlid-translation translation\" lang=\"en\" style=\"font-size: 14px;\"><span title=\"\"><span class=\"tlid-translation translation\" lang=\"et\">K\u00f5rgus: 96 cm<br \/>\n\u00dclemine diameeter: 56 cm<br \/>\nL\u00e4bim\u00f5\u00f5t keskel: 70 cm<br \/>\nRiiul 48 cm k\u00f5rgusel<br \/>\nV\u00e4lisviimistlus: kergelt vallandati<br \/>\nRatta v\u00e4rv: v\u00e4rvitud mustana<\/span><\/span><\/span><\/p>","protected":false},"excerpt":{"rendered":"<h3><span class=\"tlid-translation translation\" lang=\"en\" style=\"font-size: 16px;\"><span title=\"\">T\u00fcnn baari jaoks<br \/>\n<\/span><\/span><span class=\"tlid-translation translation\" lang=\"en\"><span title=\"\"><br \/>\n<\/span><\/span><\/h3>\n","protected":false},"featured_media":14332,"template":"","meta":[],"product_cat":[368,447,519,448,417],"product_tag":[],"_links":{"self":[{"href":"https:\/\/tdbeer.ee\/et\/wp-json\/wp\/v2\/product\/14331"}],"collection":[{"href":"https:\/\/tdbeer.ee\/et\/wp-json\/wp\/v2\/product"}],"about":[{"href":"https:\/\/tdbeer.ee\/et\/wp-json\/wp\/v2\/types\/product"}],"wp:featuredmedia":[{"embeddable":true,"href":"https:\/\/tdbeer.ee\/et\/wp-json\/wp\/v2\/media\/14332"}],"wp:attachment":[{"href":"https:\/\/tdbeer.ee\/et\/wp-json\/wp\/v2\/media?parent=14331"}],"wp:term":[{"taxonomy":"product_cat","embeddable":true,"href":"https:\/\/tdbeer.ee\/et\/wp-json\/wp\/v2\/product_cat?post=14331"},{"taxonomy":"product_tag","embeddable":true,"href":"https:\/\/tdbeer.ee\/et\/wp-json\/wp\/v2\/product_tag?post=14331"}],"curies":[{"name":"wp","href":"https:\/\/api.w.org\/{rel}","templated":true}]}}