{"id":14333,"date":"2023-09-29T18:42:09","date_gmt":"2023-09-29T18:42:09","guid":{"rendered":""},"modified":"2026-01-24T11:31:07","modified_gmt":"2026-01-24T09:31:07","slug":"barrel-with-doors","status":"publish","type":"product","link":"https:\/\/tdbeer.ee\/et\/p\/barrel-with-doors\/","title":{"rendered":"Ustega t\u00fcnn"},"content":{"rendered":"<p><span style=\"font-size: 14px;\">VALMISTATUD AERUGA T\u00d6\u00d6DELDUD TAMMEPUUST. 225L AFTER WINE<\/span><\/p>\n<p><span style=\"font-size: 14px;\">K\u00f5rgus: 96 cm<\/span><br \/>\n<span style=\"font-size: 14px;\">\u00dclemine diameeter: 56 cm<\/span><br \/>\n<span style=\"font-size: 14px;\">L\u00e4bim\u00f5\u00f5t keskel: 70 cm<\/span><br \/>\n<span style=\"font-size: 14px;\">Riiul 48 cm k\u00f5rgusel<\/span><br \/>\n<span style=\"font-size: 14px;\">V\u00e4lisviimistlus: kergelt vallandati<\/span><br \/>\n<span style=\"font-size: 14px;\">Ratta v\u00e4rv: v\u00e4rvitud mustana<\/span><\/p>","protected":false},"excerpt":{"rendered":"<h3><span class=\"tlid-translation translation\" lang=\"en\"><span title=\"\">Ustega t\u00fcnn<br \/>\n<\/span><\/span><\/h3>\n","protected":false},"featured_media":14334,"template":"","meta":[],"product_cat":[368,447,519,448],"product_tag":[],"_links":{"self":[{"href":"https:\/\/tdbeer.ee\/et\/wp-json\/wp\/v2\/product\/14333"}],"collection":[{"href":"https:\/\/tdbeer.ee\/et\/wp-json\/wp\/v2\/product"}],"about":[{"href":"https:\/\/tdbeer.ee\/et\/wp-json\/wp\/v2\/types\/product"}],"wp:featuredmedia":[{"embeddable":true,"href":"https:\/\/tdbeer.ee\/et\/wp-json\/wp\/v2\/media\/14334"}],"wp:attachment":[{"href":"https:\/\/tdbeer.ee\/et\/wp-json\/wp\/v2\/media?parent=14333"}],"wp:term":[{"taxonomy":"product_cat","embeddable":true,"href":"https:\/\/tdbeer.ee\/et\/wp-json\/wp\/v2\/product_cat?post=14333"},{"taxonomy":"product_tag","embeddable":true,"href":"https:\/\/tdbeer.ee\/et\/wp-json\/wp\/v2\/product_tag?post=14333"}],"curies":[{"name":"wp","href":"https:\/\/api.w.org\/{rel}","templated":true}]}}