{"id":14336,"date":"2023-09-29T18:42:10","date_gmt":"2023-09-29T18:42:10","guid":{"rendered":""},"modified":"2026-01-24T11:31:11","modified_gmt":"2026-01-24T09:31:11","slug":"rocking-barrel","status":"publish","type":"product","link":"https:\/\/tdbeer.ee\/et\/p\/rocking-barrel\/","title":{"rendered":"Kiikt\u00fcnn"},"content":{"rendered":"<p><span style=\"font-size: 14px;\">&#8211; sise- ja v\u00e4lislihvimine<\/span><br \/>\n<span style=\"font-size: 14px;\">&#8211; velje pressimine spetsiaalsel pressil<\/span><br \/>\n<span style=\"font-size: 14px;\">&#8211; puidu immutamine<\/span><\/p>\n<p><span style=\"font-size: 14px;\">K\u00fclje l\u00e4bim\u00f5\u00f5t: 56 cm<\/span><br \/>\n<span style=\"font-size: 14px;\">Pikkus: 96 cm<\/span><br \/>\n<span style=\"font-size: 14px;\">Iste: 75 cm<\/span><br \/>\n<span style=\"font-size: 14px;\">V\u00e4lisviimistlus: kergelt p\u00f5letatud<\/span><br \/>\n<span style=\"font-size: 14px;\">\u00c4\u00e4rise v\u00e4rv: mustaks v\u00e4rvitud<\/span><\/p>","protected":false},"excerpt":{"rendered":"<h3><span class=\"HwtZe\" lang=\"et\" style=\"font-size: 16px;\"><span class=\"jCAhz ChMk0b\"><span class=\"ryNqvb\">Kiikt\u00fcnn<\/span><\/span><\/span><br \/>\n<span class=\"tlid-translation translation\" lang=\"ru\"><span title=\"\"><br \/>\n<\/span><\/span><\/h3>\n","protected":false},"featured_media":14337,"template":"","meta":[],"product_cat":[366,525,368,447,519,448,417],"product_tag":[],"_links":{"self":[{"href":"https:\/\/tdbeer.ee\/et\/wp-json\/wp\/v2\/product\/14336"}],"collection":[{"href":"https:\/\/tdbeer.ee\/et\/wp-json\/wp\/v2\/product"}],"about":[{"href":"https:\/\/tdbeer.ee\/et\/wp-json\/wp\/v2\/types\/product"}],"wp:featuredmedia":[{"embeddable":true,"href":"https:\/\/tdbeer.ee\/et\/wp-json\/wp\/v2\/media\/14337"}],"wp:attachment":[{"href":"https:\/\/tdbeer.ee\/et\/wp-json\/wp\/v2\/media?parent=14336"}],"wp:term":[{"taxonomy":"product_cat","embeddable":true,"href":"https:\/\/tdbeer.ee\/et\/wp-json\/wp\/v2\/product_cat?post=14336"},{"taxonomy":"product_tag","embeddable":true,"href":"https:\/\/tdbeer.ee\/et\/wp-json\/wp\/v2\/product_tag?post=14336"}],"curies":[{"name":"wp","href":"https:\/\/api.w.org\/{rel}","templated":true}]}}