{"id":14338,"date":"2023-09-29T18:42:10","date_gmt":"2023-09-29T18:42:10","guid":{"rendered":""},"modified":"2026-01-24T11:28:03","modified_gmt":"2026-01-24T09:28:03","slug":"barrel-table","status":"publish","type":"product","link":"https:\/\/tdbeer.ee\/et\/p\/barrel-table\/","title":{"rendered":"T\u00fcnnilaud"},"content":{"rendered":"<p><span style=\"font-size: 14px;\">K\u00f5rgus: 96 cm<\/span><br \/>\n<span style=\"font-size: 14px;\">Peamise l\u00e4bim\u00f5\u00f5t: 80 cm<\/span><br \/>\n<span style=\"font-size: 14px;\">V\u00e4lisviimistlus: naturaalne \u00f5li<\/span><br \/>\n<span style=\"font-size: 14px;\">Raami v\u00e4rvus: tsingitud (v\u00f5ib veidi pleekida)<\/span><br \/>\n<span style=\"font-size: 14px;\">Tamm 2 cm k\u00f5rge<\/span><br \/>\n<span style=\"font-size: 14px;\">* suurused +\/-<\/span><br \/>\n<span style=\"font-size: 14px;\">* 6 v\u00f5i 8 ketast (saadetakse juhuslikult)<\/span><br \/>\n<span style=\"font-size: 14px;\">225L tammevaadist valmistatud laual v\u00f5ivad puidu iseloomu ja struktuuri t\u00f5ttu esineda m\u00f5lke, kriimustusi v\u00f5i v\u00e4rvimuutusi.<\/span><\/p>","protected":false},"excerpt":{"rendered":"<h3><span style=\"font-size: 16px;\">T\u00fcnnilaud<\/span><br \/>\n<span class=\"tlid-translation translation\" lang=\"en\"><span title=\"\"><br \/>\n<\/span><br \/>\n<\/span><\/h3>\n","protected":false},"featured_media":14339,"template":"","meta":[],"product_cat":[368,447,519,448,417],"product_tag":[],"_links":{"self":[{"href":"https:\/\/tdbeer.ee\/et\/wp-json\/wp\/v2\/product\/14338"}],"collection":[{"href":"https:\/\/tdbeer.ee\/et\/wp-json\/wp\/v2\/product"}],"about":[{"href":"https:\/\/tdbeer.ee\/et\/wp-json\/wp\/v2\/types\/product"}],"wp:featuredmedia":[{"embeddable":true,"href":"https:\/\/tdbeer.ee\/et\/wp-json\/wp\/v2\/media\/14339"}],"wp:attachment":[{"href":"https:\/\/tdbeer.ee\/et\/wp-json\/wp\/v2\/media?parent=14338"}],"wp:term":[{"taxonomy":"product_cat","embeddable":true,"href":"https:\/\/tdbeer.ee\/et\/wp-json\/wp\/v2\/product_cat?post=14338"},{"taxonomy":"product_tag","embeddable":true,"href":"https:\/\/tdbeer.ee\/et\/wp-json\/wp\/v2\/product_tag?post=14338"}],"curies":[{"name":"wp","href":"https:\/\/api.w.org\/{rel}","templated":true}]}}