{"id":14340,"date":"2023-09-29T18:42:10","date_gmt":"2023-09-29T18:42:10","guid":{"rendered":""},"modified":"2025-08-26T11:25:02","modified_gmt":"2025-08-26T09:25:02","slug":"kohvilaud-2-tooli","status":"publish","type":"product","link":"https:\/\/tdbeer.ee\/et\/p\/kohvilaud-2-tooli\/","title":{"rendered":"Kohvilaud + 2 tooli"},"content":{"rendered":"<p><span style=\"font-size: 14px;\">LAUD<\/span><br \/>\n<span style=\"font-size: 14px;\">K\u00f5rgus: 77 cm<\/span><br \/>\n<span style=\"font-size: 14px;\">Peamise l\u00e4bim\u00f5\u00f5t: 56 cm<\/span><br \/>\n<span style=\"font-size: 14px;\">V\u00e4lispind: kergelt p\u00f5letatud<\/span><br \/>\n<span style=\"font-size: 14px;\">Raami v\u00e4rv: mustaks v\u00e4rvitud<\/span><\/p>\n<p><span style=\"font-size: 14px;\">ISTMED<\/span><br \/>\n<span style=\"font-size: 14px;\">Pikkus: 96 cm<\/span><br \/>\n<span style=\"font-size: 14px;\">Asukoht: 75 cm<\/span><br \/>\n<span style=\"font-size: 14px;\">K\u00fclje l\u00e4bim\u00f5\u00f5t: 56 cm<\/span><br \/>\n<span style=\"font-size: 14px;\">V\u00e4lispind: kergelt p\u00f5letatud<\/span><\/p>","protected":false},"excerpt":{"rendered":"<h3><span style=\"font-size: 16px;\">Kohvilaud + 2 tooli<\/span><\/h3>\n<p>&nbsp;<\/p>\n","protected":false},"featured_media":14341,"template":"","meta":[],"product_cat":[368,447,519,448],"product_tag":[],"_links":{"self":[{"href":"https:\/\/tdbeer.ee\/et\/wp-json\/wp\/v2\/product\/14340"}],"collection":[{"href":"https:\/\/tdbeer.ee\/et\/wp-json\/wp\/v2\/product"}],"about":[{"href":"https:\/\/tdbeer.ee\/et\/wp-json\/wp\/v2\/types\/product"}],"wp:featuredmedia":[{"embeddable":true,"href":"https:\/\/tdbeer.ee\/et\/wp-json\/wp\/v2\/media\/14341"}],"wp:attachment":[{"href":"https:\/\/tdbeer.ee\/et\/wp-json\/wp\/v2\/media?parent=14340"}],"wp:term":[{"taxonomy":"product_cat","embeddable":true,"href":"https:\/\/tdbeer.ee\/et\/wp-json\/wp\/v2\/product_cat?post=14340"},{"taxonomy":"product_tag","embeddable":true,"href":"https:\/\/tdbeer.ee\/et\/wp-json\/wp\/v2\/product_tag?post=14340"}],"curies":[{"name":"wp","href":"https:\/\/api.w.org\/{rel}","templated":true}]}}