{"id":14342,"date":"2023-09-29T18:42:11","date_gmt":"2023-09-29T18:42:11","guid":{"rendered":""},"modified":"2025-09-02T11:05:29","modified_gmt":"2025-09-02T09:05:29","slug":"tammelaud-4-baari-tooli","status":"publish","type":"product","link":"https:\/\/tdbeer.ee\/et\/p\/tammelaud-4-baari-tooli\/","title":{"rendered":"Tammepuidust t\u00fcnnilaud + 4 baaritooli"},"content":{"rendered":"<p><span style=\"font-size: 14px;\">LAUD<\/span><br \/>\n<span style=\"font-size: 14px;\">K\u00f5rgus: 103 cm<\/span><br \/>\n<span style=\"font-size: 14px;\">Peamise l\u00e4bim\u00f5\u00f5t: 80 cm<\/span><br \/>\n<span style=\"font-size: 14px;\">V\u00e4lispind: kergelt p\u00f5letatud<\/span><br \/>\n<span style=\"font-size: 14px;\">Raami v\u00e4rv: mustaks v\u00e4rvitud<\/span><\/p>\n<p><span style=\"font-size: 14px;\">Baaritool<\/span><br \/>\n<span style=\"font-size: 14px;\">K\u00f5rgus: 80 cm<\/span><br \/>\n<span style=\"font-size: 14px;\">Istme l\u00e4bim\u00f5\u00f5t: 35 cm<\/span><br \/>\n<span style=\"font-size: 14px;\">V\u00e4lispind: kergelt p\u00f5letatud<\/span><br \/>\n<span style=\"font-size: 14px;\">Raami v\u00e4rv: mustaks v\u00e4rvitud<\/span><\/p>","protected":false},"excerpt":{"rendered":"<h3><span style=\"font-size: 16px;\">Tammepuidust t\u00fcnnilaud + 4 baaritooli<\/span><br \/>\n<span class=\"tlid-translation translation\" lang=\"en\" style=\"font-size: 16px;\"><span title=\"\"><br \/>\n<\/span><\/span><\/h3>\n","protected":false},"featured_media":14343,"template":"","meta":[],"product_cat":[368,447,519,448],"product_tag":[],"_links":{"self":[{"href":"https:\/\/tdbeer.ee\/et\/wp-json\/wp\/v2\/product\/14342"}],"collection":[{"href":"https:\/\/tdbeer.ee\/et\/wp-json\/wp\/v2\/product"}],"about":[{"href":"https:\/\/tdbeer.ee\/et\/wp-json\/wp\/v2\/types\/product"}],"wp:featuredmedia":[{"embeddable":true,"href":"https:\/\/tdbeer.ee\/et\/wp-json\/wp\/v2\/media\/14343"}],"wp:attachment":[{"href":"https:\/\/tdbeer.ee\/et\/wp-json\/wp\/v2\/media?parent=14342"}],"wp:term":[{"taxonomy":"product_cat","embeddable":true,"href":"https:\/\/tdbeer.ee\/et\/wp-json\/wp\/v2\/product_cat?post=14342"},{"taxonomy":"product_tag","embeddable":true,"href":"https:\/\/tdbeer.ee\/et\/wp-json\/wp\/v2\/product_tag?post=14342"}],"curies":[{"name":"wp","href":"https:\/\/api.w.org\/{rel}","templated":true}]}}