{"id":14469,"date":"2023-09-29T18:42:22","date_gmt":"2023-09-29T18:42:22","guid":{"rendered":""},"modified":"2026-03-18T12:57:24","modified_gmt":"2026-03-18T10:57:24","slug":"pahkel-vaheseinad-50g","status":"publish","type":"product","link":"https:\/\/tdbeer.ee\/et\/p\/pahkel-vaheseinad-50g\/","title":{"rendered":"P\u00e4hkli vaheseinad 25g"},"content":{"rendered":"<p><span style=\"font-size: 14px;\">P\u00e4hkel vaheseinad ja ilmselt see on k\u00f5ige lihtsam ja k\u00e4ttesaadavam, maitse lisaaine maja destillaat, mis maitsega kaste.<\/span><\/p>\n<p><span style=\"font-size: 14px;\">P\u00e4hkel vaheseinad on anda juua konjaki v\u00e4rvi, algne l\u00f5hnaainete ja ainulaadne maitse.<\/span><\/p>","protected":false},"excerpt":{"rendered":"<h3><span style=\"font-size: 16px;\">P\u00e4hkli vaheseinad 25g<\/span><\/h3>\n","protected":false},"featured_media":15936,"template":"","meta":[],"product_cat":[405,477,444,440],"product_tag":[],"_links":{"self":[{"href":"https:\/\/tdbeer.ee\/et\/wp-json\/wp\/v2\/product\/14469"}],"collection":[{"href":"https:\/\/tdbeer.ee\/et\/wp-json\/wp\/v2\/product"}],"about":[{"href":"https:\/\/tdbeer.ee\/et\/wp-json\/wp\/v2\/types\/product"}],"wp:featuredmedia":[{"embeddable":true,"href":"https:\/\/tdbeer.ee\/et\/wp-json\/wp\/v2\/media\/15936"}],"wp:attachment":[{"href":"https:\/\/tdbeer.ee\/et\/wp-json\/wp\/v2\/media?parent=14469"}],"wp:term":[{"taxonomy":"product_cat","embeddable":true,"href":"https:\/\/tdbeer.ee\/et\/wp-json\/wp\/v2\/product_cat?post=14469"},{"taxonomy":"product_tag","embeddable":true,"href":"https:\/\/tdbeer.ee\/et\/wp-json\/wp\/v2\/product_tag?post=14469"}],"curies":[{"name":"wp","href":"https:\/\/api.w.org\/{rel}","templated":true}]}}