{"id":14603,"date":"2023-09-29T18:42:35","date_gmt":"2023-09-29T18:42:35","guid":{"rendered":""},"modified":"2025-08-21T15:00:52","modified_gmt":"2025-08-21T13:00:52","slug":"parm-alcopro-t48-9kg","status":"publish","type":"product","link":"https:\/\/tdbeer.ee\/et\/p\/parm-alcopro-t48-9kg\/","title":{"rendered":"AlcoPro T48"},"content":{"rendered":"<p><span style=\"font-size: 14px;\">Spetsiaalne k\u00f5rge alkoholisisaldusega segu v\u00f5imaldab kuni 21,5% alkoholitaluvust, s\u00e4ilitades samal ajal erakordse k\u00e4\u00e4rimispuhtuse!<\/span><br \/>\n<span style=\"font-size: 14px;\">M\u00f5eldud 6\u20139 kg suhkru k\u00e4\u00e4ritamiseks.<\/span><br \/>\n<span style=\"font-size: 14px;\">Segul on lai k\u00e4\u00e4rimistemperatuuride vahemik, 200\u2013280 \u00b0C.<\/span><br \/>\n<span style=\"font-size: 14px;\">Netokaal: 135 g<\/span><\/p>\n<p><span style=\"font-size: 14px;\">Juhend:<\/span><br \/>\n<span style=\"font-size: 14px;\">1. Lahustage soovitud kogus suhkrut (6\u20139 kg).<\/span><br \/>\n<span style=\"font-size: 14px;\">2. Lisage 1 kott p\u00e4rmi.<\/span><br \/>\n<span style=\"font-size: 14px;\">3. Laske k\u00e4\u00e4rida temperatuuril 20\u201328 \u00b0C.<\/span><\/p>\n<p><span style=\"font-size: 14px;\">NB! Madal temperatuur = pikem k\u00e4\u00e4rimine, k\u00f5rge temperatuur = p\u00e4rmi rike. J\u00e4lgige temperatuurire\u017eiimi!<\/span><\/p>","protected":false},"excerpt":{"rendered":"<h3><span class=\"VIiyi\" lang=\"ru\" style=\"font-size: 16px;\"><span class=\"JLqJ4b ChMk0b\" data-language-for-alternatives=\"ru\" data-language-to-translate-into=\"pl\" data-phrase-index=\"0\" data-number-of-phrases=\"17\"><span class=\"Q4iAWc\"><span class=\"VIiyi\" lang=\"et\"><span class=\"JLqJ4b ChMk0b\" data-language-for-alternatives=\"et\" data-language-to-translate-into=\"pl\" data-phrase-index=\"0\" data-number-of-phrases=\"17\"><span class=\"Q4iAWc\">Turbo P\u00e4rm AlcoPro T48 9kg<\/span><\/span><\/span><\/span><\/span><\/span><\/h3>\n","protected":false},"featured_media":15768,"template":"","meta":[],"product_cat":[405,533],"product_tag":[],"_links":{"self":[{"href":"https:\/\/tdbeer.ee\/et\/wp-json\/wp\/v2\/product\/14603"}],"collection":[{"href":"https:\/\/tdbeer.ee\/et\/wp-json\/wp\/v2\/product"}],"about":[{"href":"https:\/\/tdbeer.ee\/et\/wp-json\/wp\/v2\/types\/product"}],"wp:featuredmedia":[{"embeddable":true,"href":"https:\/\/tdbeer.ee\/et\/wp-json\/wp\/v2\/media\/15768"}],"wp:attachment":[{"href":"https:\/\/tdbeer.ee\/et\/wp-json\/wp\/v2\/media?parent=14603"}],"wp:term":[{"taxonomy":"product_cat","embeddable":true,"href":"https:\/\/tdbeer.ee\/et\/wp-json\/wp\/v2\/product_cat?post=14603"},{"taxonomy":"product_tag","embeddable":true,"href":"https:\/\/tdbeer.ee\/et\/wp-json\/wp\/v2\/product_tag?post=14603"}],"curies":[{"name":"wp","href":"https:\/\/api.w.org\/{rel}","templated":true}]}}